{"id":1565,"date":"2021-05-31T16:05:12","date_gmt":"2021-05-31T14:05:12","guid":{"rendered":"https:\/\/www.larobeyere.com\/receptions\/reunions-et-seminaires\/"},"modified":"2025-09-04T12:07:29","modified_gmt":"2025-09-04T10:07:29","slug":"meetings-seminars-showroom","status":"publish","type":"page","link":"https:\/\/www.larobeyere.com\/en\/receptions\/meetings-seminars-showroom\/","title":{"rendered":"Coworking &#038; Showroom Seminars"},"content":{"rendered":"","protected":false},"excerpt":{"rendered":"","protected":false},"author":2,"featured_media":0,"parent":1557,"menu_order":0,"comment_status":"closed","ping_status":"closed","template":"page-builder.php","meta":{"_acf_changed":false,"footnotes":""},"class_list":["post-1565","page","type-page","status-publish","hentry"],"acf":[],"yoast_head":"<!-- This site is optimized with the Yoast SEO plugin v27.3 - https:\/\/yoast.com\/product\/yoast-seo-wordpress\/ -->\n<title>Coworking &amp; Showroom Seminars | La Rob\u00e9y\u00e8re<\/title>\n<meta name=\"description\" content=\"La Rob\u00e9y\u00e8re welcomes you in a magnificent setting, with gourmet catering, for your Coworking &amp; Showroom Seminars.\" \/>\n<meta name=\"robots\" content=\"index, follow, max-snippet:-1, max-image-preview:large, max-video-preview:-1\" \/>\n<link rel=\"canonical\" href=\"https:\/\/www.larobeyere.com\/en\/receptions\/meetings-seminars-showroom\/\" \/>\n<meta property=\"og:locale\" content=\"en_US\" \/>\n<meta property=\"og:type\" content=\"article\" \/>\n<meta property=\"og:title\" content=\"Coworking &amp; Showroom Seminars | La Rob\u00e9y\u00e8re\" \/>\n<meta property=\"og:description\" content=\"La Rob\u00e9y\u00e8re welcomes you in a magnificent setting, with gourmet catering, for your Coworking &amp; Showroom Seminars.\" \/>\n<meta property=\"og:url\" content=\"https:\/\/www.larobeyere.com\/en\/receptions\/meetings-seminars-showroom\/\" \/>\n<meta property=\"og:site_name\" content=\"H\u00f4tel La Rob\u00e9y\u00e8re - BW Signature Collection by Best Western\" \/>\n<meta property=\"article:publisher\" content=\"https:\/\/www.facebook.com\/larobeyere\" \/>\n<meta property=\"article:modified_time\" content=\"2025-09-04T10:07:29+00:00\" \/>\n<meta property=\"og:image\" content=\"https:\/\/www.larobeyere.com\/wp-content\/uploads\/2021\/05\/CMP-LAROBEYERE-05-2021-8-scaled.jpg\" \/>\n\t<meta property=\"og:image:width\" content=\"2560\" \/>\n\t<meta property=\"og:image:height\" content=\"1703\" \/>\n\t<meta property=\"og:image:type\" content=\"image\/jpeg\" \/>\n<meta name=\"twitter:card\" content=\"summary_large_image\" \/>\n<script type=\"application\/ld+json\" class=\"yoast-schema-graph\">{\"@context\":\"https:\\\/\\\/schema.org\",\"@graph\":[{\"@type\":\"WebPage\",\"@id\":\"https:\\\/\\\/www.larobeyere.com\\\/en\\\/receptions\\\/meetings-seminars-showroom\\\/\",\"url\":\"https:\\\/\\\/www.larobeyere.com\\\/en\\\/receptions\\\/meetings-seminars-showroom\\\/\",\"name\":\"Coworking & Showroom Seminars | La Rob\u00e9y\u00e8re\",\"isPartOf\":{\"@id\":\"https:\\\/\\\/www.larobeyere.com\\\/en\\\/#website\"},\"datePublished\":\"2021-05-31T14:05:12+00:00\",\"dateModified\":\"2025-09-04T10:07:29+00:00\",\"description\":\"La Rob\u00e9y\u00e8re welcomes you in a magnificent setting, with gourmet catering, for your Coworking & Showroom Seminars.\",\"breadcrumb\":{\"@id\":\"https:\\\/\\\/www.larobeyere.com\\\/en\\\/receptions\\\/meetings-seminars-showroom\\\/#breadcrumb\"},\"inLanguage\":\"en-US\",\"potentialAction\":[{\"@type\":\"ReadAction\",\"target\":[\"https:\\\/\\\/www.larobeyere.com\\\/en\\\/receptions\\\/meetings-seminars-showroom\\\/\"]}]},{\"@type\":\"BreadcrumbList\",\"@id\":\"https:\\\/\\\/www.larobeyere.com\\\/en\\\/receptions\\\/meetings-seminars-showroom\\\/#breadcrumb\",\"itemListElement\":[{\"@type\":\"ListItem\",\"position\":1,\"name\":\"Accueil\",\"item\":\"https:\\\/\\\/www.larobeyere.com\\\/en\\\/\"},{\"@type\":\"ListItem\",\"position\":2,\"name\":\"R\u00e9ceptions\",\"item\":\"https:\\\/\\\/www.larobeyere.com\\\/en\\\/receptions\\\/\"},{\"@type\":\"ListItem\",\"position\":3,\"name\":\"Coworking &#038; Showroom Seminars\"}]},{\"@type\":\"WebSite\",\"@id\":\"https:\\\/\\\/www.larobeyere.com\\\/en\\\/#website\",\"url\":\"https:\\\/\\\/www.larobeyere.com\\\/en\\\/\",\"name\":\"H\u00f4tel La Rob\u00e9y\u00e8re - BW Signature Collection by Best Western\",\"description\":\"H\u00f4tel**** de Charme. Restaurant &amp; Spa \u00e0 Embrun\",\"publisher\":{\"@id\":\"https:\\\/\\\/www.larobeyere.com\\\/en\\\/#organization\"},\"potentialAction\":[{\"@type\":\"SearchAction\",\"target\":{\"@type\":\"EntryPoint\",\"urlTemplate\":\"https:\\\/\\\/www.larobeyere.com\\\/en\\\/?s={search_term_string}\"},\"query-input\":{\"@type\":\"PropertyValueSpecification\",\"valueRequired\":true,\"valueName\":\"search_term_string\"}}],\"inLanguage\":\"en-US\"},{\"@type\":\"Organization\",\"@id\":\"https:\\\/\\\/www.larobeyere.com\\\/en\\\/#organization\",\"name\":\"H\u00f4tel la Rob\u00e9y\u00e8re ****\",\"url\":\"https:\\\/\\\/www.larobeyere.com\\\/en\\\/\",\"logo\":{\"@type\":\"ImageObject\",\"inLanguage\":\"en-US\",\"@id\":\"https:\\\/\\\/www.larobeyere.com\\\/en\\\/#\\\/schema\\\/logo\\\/image\\\/\",\"url\":\"https:\\\/\\\/www.larobeyere.com\\\/wp-content\\\/uploads\\\/2021\\\/06\\\/LOGO_LA_ROBEYERE_header.svg\",\"contentUrl\":\"https:\\\/\\\/www.larobeyere.com\\\/wp-content\\\/uploads\\\/2021\\\/06\\\/LOGO_LA_ROBEYERE_header.svg\",\"width\":44.3944778,\"height\":38.446743,\"caption\":\"H\u00f4tel la Rob\u00e9y\u00e8re ****\"},\"image\":{\"@id\":\"https:\\\/\\\/www.larobeyere.com\\\/en\\\/#\\\/schema\\\/logo\\\/image\\\/\"},\"sameAs\":[\"https:\\\/\\\/www.facebook.com\\\/larobeyere\",\"https:\\\/\\\/www.instagram.com\\\/larobeyere\\\/\",\"https:\\\/\\\/www.linkedin.com\\\/company\\\/hotel-restaurant-la-rob\u00e9y\u00e8re\\\/\"]}]}<\/script>\n<!-- \/ Yoast SEO plugin. -->","yoast_head_json":{"title":"Coworking & Showroom Seminars | La Rob\u00e9y\u00e8re","description":"La Rob\u00e9y\u00e8re welcomes you in a magnificent setting, with gourmet catering, for your Coworking & Showroom Seminars.","robots":{"index":"index","follow":"follow","max-snippet":"max-snippet:-1","max-image-preview":"max-image-preview:large","max-video-preview":"max-video-preview:-1"},"canonical":"https:\/\/www.larobeyere.com\/en\/receptions\/meetings-seminars-showroom\/","og_locale":"en_US","og_type":"article","og_title":"Coworking & Showroom Seminars | La Rob\u00e9y\u00e8re","og_description":"La Rob\u00e9y\u00e8re welcomes you in a magnificent setting, with gourmet catering, for your Coworking & Showroom Seminars.","og_url":"https:\/\/www.larobeyere.com\/en\/receptions\/meetings-seminars-showroom\/","og_site_name":"H\u00f4tel La Rob\u00e9y\u00e8re - BW Signature Collection by Best Western","article_publisher":"https:\/\/www.facebook.com\/larobeyere","article_modified_time":"2025-09-04T10:07:29+00:00","og_image":[{"width":2560,"height":1703,"url":"https:\/\/www.larobeyere.com\/wp-content\/uploads\/2021\/05\/CMP-LAROBEYERE-05-2021-8-scaled.jpg","type":"image\/jpeg"}],"twitter_card":"summary_large_image","schema":{"@context":"https:\/\/schema.org","@graph":[{"@type":"WebPage","@id":"https:\/\/www.larobeyere.com\/en\/receptions\/meetings-seminars-showroom\/","url":"https:\/\/www.larobeyere.com\/en\/receptions\/meetings-seminars-showroom\/","name":"Coworking & Showroom Seminars | La Rob\u00e9y\u00e8re","isPartOf":{"@id":"https:\/\/www.larobeyere.com\/en\/#website"},"datePublished":"2021-05-31T14:05:12+00:00","dateModified":"2025-09-04T10:07:29+00:00","description":"La Rob\u00e9y\u00e8re welcomes you in a magnificent setting, with gourmet catering, for your Coworking & Showroom Seminars.","breadcrumb":{"@id":"https:\/\/www.larobeyere.com\/en\/receptions\/meetings-seminars-showroom\/#breadcrumb"},"inLanguage":"en-US","potentialAction":[{"@type":"ReadAction","target":["https:\/\/www.larobeyere.com\/en\/receptions\/meetings-seminars-showroom\/"]}]},{"@type":"BreadcrumbList","@id":"https:\/\/www.larobeyere.com\/en\/receptions\/meetings-seminars-showroom\/#breadcrumb","itemListElement":[{"@type":"ListItem","position":1,"name":"Accueil","item":"https:\/\/www.larobeyere.com\/en\/"},{"@type":"ListItem","position":2,"name":"R\u00e9ceptions","item":"https:\/\/www.larobeyere.com\/en\/receptions\/"},{"@type":"ListItem","position":3,"name":"Coworking &#038; Showroom Seminars"}]},{"@type":"WebSite","@id":"https:\/\/www.larobeyere.com\/en\/#website","url":"https:\/\/www.larobeyere.com\/en\/","name":"H\u00f4tel La Rob\u00e9y\u00e8re - BW Signature Collection by Best Western","description":"H\u00f4tel**** de Charme. Restaurant &amp; Spa \u00e0 Embrun","publisher":{"@id":"https:\/\/www.larobeyere.com\/en\/#organization"},"potentialAction":[{"@type":"SearchAction","target":{"@type":"EntryPoint","urlTemplate":"https:\/\/www.larobeyere.com\/en\/?s={search_term_string}"},"query-input":{"@type":"PropertyValueSpecification","valueRequired":true,"valueName":"search_term_string"}}],"inLanguage":"en-US"},{"@type":"Organization","@id":"https:\/\/www.larobeyere.com\/en\/#organization","name":"H\u00f4tel la Rob\u00e9y\u00e8re ****","url":"https:\/\/www.larobeyere.com\/en\/","logo":{"@type":"ImageObject","inLanguage":"en-US","@id":"https:\/\/www.larobeyere.com\/en\/#\/schema\/logo\/image\/","url":"https:\/\/www.larobeyere.com\/wp-content\/uploads\/2021\/06\/LOGO_LA_ROBEYERE_header.svg","contentUrl":"https:\/\/www.larobeyere.com\/wp-content\/uploads\/2021\/06\/LOGO_LA_ROBEYERE_header.svg","width":44.3944778,"height":38.446743,"caption":"H\u00f4tel la Rob\u00e9y\u00e8re ****"},"image":{"@id":"https:\/\/www.larobeyere.com\/en\/#\/schema\/logo\/image\/"},"sameAs":["https:\/\/www.facebook.com\/larobeyere","https:\/\/www.instagram.com\/larobeyere\/","https:\/\/www.linkedin.com\/company\/hotel-restaurant-la-rob\u00e9y\u00e8re\/"]}]}},"_links":{"self":[{"href":"https:\/\/www.larobeyere.com\/en\/wp-json\/wp\/v2\/pages\/1565","targetHints":{"allow":["GET"]}}],"collection":[{"href":"https:\/\/www.larobeyere.com\/en\/wp-json\/wp\/v2\/pages"}],"about":[{"href":"https:\/\/www.larobeyere.com\/en\/wp-json\/wp\/v2\/types\/page"}],"author":[{"embeddable":true,"href":"https:\/\/www.larobeyere.com\/en\/wp-json\/wp\/v2\/users\/2"}],"replies":[{"embeddable":true,"href":"https:\/\/www.larobeyere.com\/en\/wp-json\/wp\/v2\/comments?post=1565"}],"version-history":[{"count":41,"href":"https:\/\/www.larobeyere.com\/en\/wp-json\/wp\/v2\/pages\/1565\/revisions"}],"predecessor-version":[{"id":5286,"href":"https:\/\/www.larobeyere.com\/en\/wp-json\/wp\/v2\/pages\/1565\/revisions\/5286"}],"up":[{"embeddable":true,"href":"https:\/\/www.larobeyere.com\/en\/wp-json\/wp\/v2\/pages\/1557"}],"wp:attachment":[{"href":"https:\/\/www.larobeyere.com\/en\/wp-json\/wp\/v2\/media?parent=1565"}],"curies":[{"name":"wp","href":"https:\/\/api.w.org\/{rel}","templated":true}]}}