{"id":1606,"date":"2021-05-28T12:01:39","date_gmt":"2021-05-28T10:01:39","guid":{"rendered":"https:\/\/www.larobeyere.com\/cgv\/"},"modified":"2025-05-02T18:29:13","modified_gmt":"2025-05-02T16:29:13","slug":"terms-of-sales","status":"publish","type":"page","link":"https:\/\/www.larobeyere.com\/en\/terms-of-sales\/","title":{"rendered":"Terms of Sales"},"content":{"rendered":"<h2>PRICES<\/h2>\n<p>Prices are inclusive of all taxes.<\/p>\n<p>The applicable rates are those presented on the website of our online reservation center.<\/p>\n<p>The prices can be changed at any time by the company without having to notify it in advance. In the event of a change in prices, any reservation already made and validated remains firm and under the conditions defined when the reservation is made.<\/p>\n<h2>Standard rate<\/h2>\n<h3>Cancellation policy<\/h3>\n<p>Can be canceled free of charge up to 48 hours before arrival, or on D-2, at 4:00 p.m. After this period, the amount of the first night will be billed to you.<\/p>\n<h3>Warranty policy<\/h3>\n<p>Reservation guaranteed by the number of the credit card used during the reservation. A valid credit card must be presented when staying at the hotel. A pre-authorization of one night may be made to ensure the validity of the credit card.<\/p>\n<h3>Payment conditions<\/h3>\n<p>Credit card required when booking. Payment on the spot.<\/p>\n<p>&nbsp;<\/p>\n<h2>Prepaid rate<\/h2>\n<p>Book in advance and save extra money! Full prepayment required when booking. No refund or transfer.<\/p>\n<h3>Cancellation policy<\/h3>\n<p>Non cancellable, non refundable, non modifiable.<\/p>\n<h3>Warranty policy<\/h3>\n<p>Reservation guaranteed by the number of the credit card used during the reservation. The card used for prepayment may be requested at the hotel.<\/p>\n<h3>Payment conditions<\/h3>\n<p>The total amount of the stay will be debited immediately on the credit card used when booking.<\/p>\n<h2>Packaged rates<\/h2>\n<p>Cancellation and warranty policies and payment terms are the same as the standard rate.<\/p>\n<p>The contents of the package are indicated when booking. Contact the hotel for more information.<\/p>\n<h2>Children Policy<\/h2>\n<p>Free cot on request at the time of booking, subject to availability.<\/p>\n<p>Children under 8 cannot access the SPA and its facilities.<\/p>\n<h2>Additional bed<\/h2>\n<p>Some of our rooms can accommodate an extra bed. Please request this when booking or contact us directly by phone or email. Subject to availability.<\/p>\n<h2>Animal policy<\/h2>\n<p>Animals are allowed in our accommodation under the following conditions:<\/p>\n<ul>\n<li>A supplement of \u20ac15 per day and per animal will be paid at the hotel<\/li>\n<li>They should be clean and wise. The owners are responsible for the nuisance caused by their animals and take full responsibility for them<\/li>\n<li>Any damage to furniture, linen or any other material property of the hotel will be billed at the end or after the stay<\/li>\n<li>The owners will have to bring all the accessories necessary for the life of their animals.<\/li>\n<\/ul>\n<h2>Personal effects and room amenities<\/h2>\n<p>It is recommended not to leave valuables in the rooms. The company disclaims all liability in the event of theft or loss.<\/p>\n<p>The customer agrees to report any lost, broken, stolen or damaged equipment and is required to reimburse it.<\/p>\n<h2>Complaints and disputes<\/h2>\n<p>This contract is governed by French law. Any disputes to which this contract could give rise, concerning its validity, interpretation, execution, termination, their consequences and their consequences will be submitted to the competent courts under the conditions of common law.<\/p>\n<p>If your complaint is not addressed satisfactorily within a maximum of 60 days of written notification, you may, if you wish, submit a formal mediation procedure to the M\u00e9diateur du Commerce Coop\u00e9ratif et Associ\u00e9 (FCA) (an organization approved by the European Commission) at 77 rue de Lourmel, 75015 Paris, or via the website\u00a0<a href=\"https:\/\/www.mcca-mediation.fr\/\" target=\"_blank\" rel=\"noopener\">www.mcca-mediation.fr<\/a>, where you can find the Mediation Charter for Cooperative and Associated Commerce and the complaint form, which can be accessed via the following link:\u00a0<a href=\"https:\/\/www.mcca-mediation.fr\/recours-au-mediateur-de-la-consommation\" target=\"_blank\" rel=\"noopener\">https:\/\/www.mcca-mediation.fr\/recours-au-mediateur-de-la-consommation<\/a>.<\/p>\n<h2>Protection of personal data<\/h2>\n<p>In accordance with European regulation 2016\/679 (RGPD), the confidentiality policy is accessible on the site www.larobeyere.com in the legal notices.<\/p>\n","protected":false},"excerpt":{"rendered":"<p>PRICES Prices are inclusive of all &hellip;<\/p>\n","protected":false},"author":4,"featured_media":0,"parent":0,"menu_order":0,"comment_status":"closed","ping_status":"closed","template":"","meta":{"_acf_changed":false,"footnotes":""},"class_list":["post-1606","page","type-page","status-publish","hentry"],"acf":[],"yoast_head":"<!-- This site is optimized with the Yoast SEO plugin v27.4 - https:\/\/yoast.com\/product\/yoast-seo-wordpress\/ -->\n<title>Terms of Sales | H\u00f4tel La Rob\u00e9y\u00e8re - BW Signature Collection by Best Western<\/title>\n<meta name=\"robots\" content=\"index, follow, max-snippet:-1, max-image-preview:large, max-video-preview:-1\" \/>\n<link rel=\"canonical\" href=\"https:\/\/www.larobeyere.com\/en\/terms-of-sales\/\" \/>\n<meta property=\"og:locale\" content=\"en_US\" \/>\n<meta property=\"og:type\" content=\"article\" \/>\n<meta property=\"og:title\" content=\"Terms of Sales | H\u00f4tel La Rob\u00e9y\u00e8re - BW Signature Collection by Best Western\" \/>\n<meta property=\"og:description\" content=\"PRICES Prices are inclusive of all &hellip;\" \/>\n<meta property=\"og:url\" content=\"https:\/\/www.larobeyere.com\/en\/terms-of-sales\/\" \/>\n<meta property=\"og:site_name\" content=\"H\u00f4tel La Rob\u00e9y\u00e8re - BW Signature Collection by Best Western\" \/>\n<meta property=\"article:publisher\" content=\"https:\/\/www.facebook.com\/larobeyere\" \/>\n<meta property=\"article:modified_time\" content=\"2025-05-02T16:29:13+00:00\" \/>\n<meta property=\"og:image\" content=\"https:\/\/www.larobeyere.com\/wp-content\/uploads\/2021\/05\/CMP-LAROBEYERE-05-2021-8-scaled.jpg\" \/>\n\t<meta property=\"og:image:width\" content=\"2560\" \/>\n\t<meta property=\"og:image:height\" content=\"1703\" \/>\n\t<meta property=\"og:image:type\" content=\"image\/jpeg\" \/>\n<meta name=\"twitter:card\" content=\"summary_large_image\" \/>\n<meta name=\"twitter:label1\" content=\"Est. reading time\" \/>\n\t<meta name=\"twitter:data1\" content=\"3 minutes\" \/>\n<script type=\"application\/ld+json\" class=\"yoast-schema-graph\">{\"@context\":\"https:\\\/\\\/schema.org\",\"@graph\":[{\"@type\":\"WebPage\",\"@id\":\"https:\\\/\\\/www.larobeyere.com\\\/en\\\/terms-of-sales\\\/\",\"url\":\"https:\\\/\\\/www.larobeyere.com\\\/en\\\/terms-of-sales\\\/\",\"name\":\"Terms of Sales | H\u00f4tel La Rob\u00e9y\u00e8re - BW Signature Collection by Best Western\",\"isPartOf\":{\"@id\":\"https:\\\/\\\/www.larobeyere.com\\\/en\\\/#website\"},\"datePublished\":\"2021-05-28T10:01:39+00:00\",\"dateModified\":\"2025-05-02T16:29:13+00:00\",\"breadcrumb\":{\"@id\":\"https:\\\/\\\/www.larobeyere.com\\\/en\\\/terms-of-sales\\\/#breadcrumb\"},\"inLanguage\":\"en-US\",\"potentialAction\":[{\"@type\":\"ReadAction\",\"target\":[\"https:\\\/\\\/www.larobeyere.com\\\/en\\\/terms-of-sales\\\/\"]}]},{\"@type\":\"BreadcrumbList\",\"@id\":\"https:\\\/\\\/www.larobeyere.com\\\/en\\\/terms-of-sales\\\/#breadcrumb\",\"itemListElement\":[{\"@type\":\"ListItem\",\"position\":1,\"name\":\"Accueil\",\"item\":\"https:\\\/\\\/www.larobeyere.com\\\/en\\\/\"},{\"@type\":\"ListItem\",\"position\":2,\"name\":\"Terms of Sales\"}]},{\"@type\":\"WebSite\",\"@id\":\"https:\\\/\\\/www.larobeyere.com\\\/en\\\/#website\",\"url\":\"https:\\\/\\\/www.larobeyere.com\\\/en\\\/\",\"name\":\"H\u00f4tel La Rob\u00e9y\u00e8re - BW Signature Collection by Best Western\",\"description\":\"H\u00f4tel**** de Charme. Restaurant &amp; Spa \u00e0 Embrun\",\"publisher\":{\"@id\":\"https:\\\/\\\/www.larobeyere.com\\\/en\\\/#organization\"},\"potentialAction\":[{\"@type\":\"SearchAction\",\"target\":{\"@type\":\"EntryPoint\",\"urlTemplate\":\"https:\\\/\\\/www.larobeyere.com\\\/en\\\/?s={search_term_string}\"},\"query-input\":{\"@type\":\"PropertyValueSpecification\",\"valueRequired\":true,\"valueName\":\"search_term_string\"}}],\"inLanguage\":\"en-US\"},{\"@type\":\"Organization\",\"@id\":\"https:\\\/\\\/www.larobeyere.com\\\/en\\\/#organization\",\"name\":\"H\u00f4tel la Rob\u00e9y\u00e8re ****\",\"url\":\"https:\\\/\\\/www.larobeyere.com\\\/en\\\/\",\"logo\":{\"@type\":\"ImageObject\",\"inLanguage\":\"en-US\",\"@id\":\"https:\\\/\\\/www.larobeyere.com\\\/en\\\/#\\\/schema\\\/logo\\\/image\\\/\",\"url\":\"https:\\\/\\\/www.larobeyere.com\\\/wp-content\\\/uploads\\\/2021\\\/06\\\/LOGO_LA_ROBEYERE_header.svg\",\"contentUrl\":\"https:\\\/\\\/www.larobeyere.com\\\/wp-content\\\/uploads\\\/2021\\\/06\\\/LOGO_LA_ROBEYERE_header.svg\",\"width\":44.3944778,\"height\":38.446743,\"caption\":\"H\u00f4tel la Rob\u00e9y\u00e8re ****\"},\"image\":{\"@id\":\"https:\\\/\\\/www.larobeyere.com\\\/en\\\/#\\\/schema\\\/logo\\\/image\\\/\"},\"sameAs\":[\"https:\\\/\\\/www.facebook.com\\\/larobeyere\",\"https:\\\/\\\/www.instagram.com\\\/larobeyere\\\/\",\"https:\\\/\\\/www.linkedin.com\\\/company\\\/hotel-restaurant-la-rob\u00e9y\u00e8re\\\/\"]}]}<\/script>\n<!-- \/ Yoast SEO plugin. -->","yoast_head_json":{"title":"Terms of Sales | H\u00f4tel La Rob\u00e9y\u00e8re - BW Signature Collection by Best Western","robots":{"index":"index","follow":"follow","max-snippet":"max-snippet:-1","max-image-preview":"max-image-preview:large","max-video-preview":"max-video-preview:-1"},"canonical":"https:\/\/www.larobeyere.com\/en\/terms-of-sales\/","og_locale":"en_US","og_type":"article","og_title":"Terms of Sales | H\u00f4tel La Rob\u00e9y\u00e8re - BW Signature Collection by Best Western","og_description":"PRICES Prices are inclusive of all &hellip;","og_url":"https:\/\/www.larobeyere.com\/en\/terms-of-sales\/","og_site_name":"H\u00f4tel La Rob\u00e9y\u00e8re - BW Signature Collection by Best Western","article_publisher":"https:\/\/www.facebook.com\/larobeyere","article_modified_time":"2025-05-02T16:29:13+00:00","og_image":[{"width":2560,"height":1703,"url":"https:\/\/www.larobeyere.com\/wp-content\/uploads\/2021\/05\/CMP-LAROBEYERE-05-2021-8-scaled.jpg","type":"image\/jpeg"}],"twitter_card":"summary_large_image","twitter_misc":{"Est. reading time":"3 minutes"},"schema":{"@context":"https:\/\/schema.org","@graph":[{"@type":"WebPage","@id":"https:\/\/www.larobeyere.com\/en\/terms-of-sales\/","url":"https:\/\/www.larobeyere.com\/en\/terms-of-sales\/","name":"Terms of Sales | H\u00f4tel La Rob\u00e9y\u00e8re - BW Signature Collection by Best Western","isPartOf":{"@id":"https:\/\/www.larobeyere.com\/en\/#website"},"datePublished":"2021-05-28T10:01:39+00:00","dateModified":"2025-05-02T16:29:13+00:00","breadcrumb":{"@id":"https:\/\/www.larobeyere.com\/en\/terms-of-sales\/#breadcrumb"},"inLanguage":"en-US","potentialAction":[{"@type":"ReadAction","target":["https:\/\/www.larobeyere.com\/en\/terms-of-sales\/"]}]},{"@type":"BreadcrumbList","@id":"https:\/\/www.larobeyere.com\/en\/terms-of-sales\/#breadcrumb","itemListElement":[{"@type":"ListItem","position":1,"name":"Accueil","item":"https:\/\/www.larobeyere.com\/en\/"},{"@type":"ListItem","position":2,"name":"Terms of Sales"}]},{"@type":"WebSite","@id":"https:\/\/www.larobeyere.com\/en\/#website","url":"https:\/\/www.larobeyere.com\/en\/","name":"H\u00f4tel La Rob\u00e9y\u00e8re - BW Signature Collection by Best Western","description":"H\u00f4tel**** de Charme. Restaurant &amp; Spa \u00e0 Embrun","publisher":{"@id":"https:\/\/www.larobeyere.com\/en\/#organization"},"potentialAction":[{"@type":"SearchAction","target":{"@type":"EntryPoint","urlTemplate":"https:\/\/www.larobeyere.com\/en\/?s={search_term_string}"},"query-input":{"@type":"PropertyValueSpecification","valueRequired":true,"valueName":"search_term_string"}}],"inLanguage":"en-US"},{"@type":"Organization","@id":"https:\/\/www.larobeyere.com\/en\/#organization","name":"H\u00f4tel la Rob\u00e9y\u00e8re ****","url":"https:\/\/www.larobeyere.com\/en\/","logo":{"@type":"ImageObject","inLanguage":"en-US","@id":"https:\/\/www.larobeyere.com\/en\/#\/schema\/logo\/image\/","url":"https:\/\/www.larobeyere.com\/wp-content\/uploads\/2021\/06\/LOGO_LA_ROBEYERE_header.svg","contentUrl":"https:\/\/www.larobeyere.com\/wp-content\/uploads\/2021\/06\/LOGO_LA_ROBEYERE_header.svg","width":44.3944778,"height":38.446743,"caption":"H\u00f4tel la Rob\u00e9y\u00e8re ****"},"image":{"@id":"https:\/\/www.larobeyere.com\/en\/#\/schema\/logo\/image\/"},"sameAs":["https:\/\/www.facebook.com\/larobeyere","https:\/\/www.instagram.com\/larobeyere\/","https:\/\/www.linkedin.com\/company\/hotel-restaurant-la-rob\u00e9y\u00e8re\/"]}]}},"_links":{"self":[{"href":"https:\/\/www.larobeyere.com\/en\/wp-json\/wp\/v2\/pages\/1606","targetHints":{"allow":["GET"]}}],"collection":[{"href":"https:\/\/www.larobeyere.com\/en\/wp-json\/wp\/v2\/pages"}],"about":[{"href":"https:\/\/www.larobeyere.com\/en\/wp-json\/wp\/v2\/types\/page"}],"author":[{"embeddable":true,"href":"https:\/\/www.larobeyere.com\/en\/wp-json\/wp\/v2\/users\/4"}],"replies":[{"embeddable":true,"href":"https:\/\/www.larobeyere.com\/en\/wp-json\/wp\/v2\/comments?post=1606"}],"version-history":[{"count":4,"href":"https:\/\/www.larobeyere.com\/en\/wp-json\/wp\/v2\/pages\/1606\/revisions"}],"predecessor-version":[{"id":5114,"href":"https:\/\/www.larobeyere.com\/en\/wp-json\/wp\/v2\/pages\/1606\/revisions\/5114"}],"wp:attachment":[{"href":"https:\/\/www.larobeyere.com\/en\/wp-json\/wp\/v2\/media?parent=1606"}],"curies":[{"name":"wp","href":"https:\/\/api.w.org\/{rel}","templated":true}]}}