{"id":3649,"date":"2023-07-17T16:12:08","date_gmt":"2023-07-17T14:12:08","guid":{"rendered":"https:\/\/www.larobeyere.com\/notre-charte-environnementale\/"},"modified":"2023-12-01T13:47:37","modified_gmt":"2023-12-01T12:47:37","slug":"charter-for-environment","status":"publish","type":"page","link":"https:\/\/www.larobeyere.com\/en\/charter-for-environment\/","title":{"rendered":"Our Charter for Environment"},"content":{"rendered":"<h3>WE ARE EDUCATING OUR TEAMS AND OUR CUSTOMERS:<\/h3>\n<p>1. We offer information to limit travel by car: bike rental, shuttles, public transport.<br \/>\n2. We provide our customers with information booklets, brochures, displays concerning the fauna and flora.<\/p>\n<h3>WE SAVE WATER AND ENERGY:<\/h3>\n<p>3. We have installed water savers\/pressure reducers on taps and showers so as not to deplete the resource.<br \/>\n4. We read our water and electricity meters every month to better manage our consumption.<br \/>\n5. We have installed occupancy sensors\/timers in common areas\/corridors to limit energy waste.<\/p>\n<h3>WE LIMIT AND SORT WASTE:<\/h3>\n<p>6. We sort our waste, we work with a majority of products in large packaging to limit unnecessary packaging.<br \/>\n7. We sort our waste in containers.<br \/>\n8. We compost for vegetable waste.<\/p>\n<h3>WE ARE ATTENTIVE TO THE WELL-BEING OF OUR CUSTOMERS:<\/h3>\n<p>9. Some local products are available in our shop; honey, jam, spread\u2026.<br \/>\n10. The menus of our restaurants offer certain organic products, from our own vegetable garden.<br \/>\n11. The products used for cleaning the rooms are all eco-labelled, which offers better air quality and fewer health risks.<br \/>\n12. We are part of a group committed to CSR.<\/p>\n<p>Thank you for supporting us in our approach during your stay.<\/p>\n<p>In order to concretize our commitment and to be part of a process of continuous improvement, we are in the process of labeling to obtain the Green Key label.<\/p>\n<p>The Green Key label distinguishes tourist accommodation and restaurants committed to a voluntary, efficient and dynamic environmental approach. The label is awarded annually by an independent jury made up of experts and professionals in tourism and the environment. More info to come soon.<\/p>\n","protected":false},"excerpt":{"rendered":"<p>WE ARE EDUCATING OUR TEAMS AND &hellip;<\/p>\n","protected":false},"author":2,"featured_media":0,"parent":0,"menu_order":0,"comment_status":"closed","ping_status":"closed","template":"page-builder.php","meta":{"_acf_changed":false,"footnotes":""},"class_list":["post-3649","page","type-page","status-publish","hentry"],"acf":[],"yoast_head":"<!-- This site is optimized with the Yoast SEO plugin v27.5 - https:\/\/yoast.com\/product\/yoast-seo-wordpress\/ -->\n<title>Our eco-responsible approaches | La Rob\u00e9y\u00e8re<\/title>\n<meta name=\"description\" content=\"Stay in an eco-friendly establishment! Proximity to transport, electric terminals, nature guides, water\/ energy savers, waste sorting, and priority to local products. Support our CSR and Green Key commitment.\" \/>\n<meta name=\"robots\" content=\"index, follow, max-snippet:-1, max-image-preview:large, max-video-preview:-1\" \/>\n<link rel=\"canonical\" href=\"https:\/\/www.larobeyere.com\/en\/charter-for-environment\/\" \/>\n<meta property=\"og:locale\" content=\"en_US\" \/>\n<meta property=\"og:type\" content=\"article\" \/>\n<meta property=\"og:title\" content=\"Our eco-responsible approaches | La Rob\u00e9y\u00e8re\" \/>\n<meta property=\"og:description\" content=\"Stay in an eco-friendly establishment! Proximity to transport, electric terminals, nature guides, water\/ energy savers, waste sorting, and priority to local products. Support our CSR and Green Key commitment.\" \/>\n<meta property=\"og:url\" content=\"https:\/\/www.larobeyere.com\/en\/charter-for-environment\/\" \/>\n<meta property=\"og:site_name\" content=\"H\u00f4tel La Rob\u00e9y\u00e8re - BW Signature Collection by Best Western\" \/>\n<meta property=\"article:publisher\" content=\"https:\/\/www.facebook.com\/larobeyere\" \/>\n<meta property=\"article:modified_time\" content=\"2023-12-01T12:47:37+00:00\" \/>\n<meta property=\"og:image\" content=\"https:\/\/www.larobeyere.com\/wp-content\/uploads\/2021\/05\/CMP-LAROBEYERE-05-2021-8-scaled.jpg\" \/>\n\t<meta property=\"og:image:width\" content=\"2560\" \/>\n\t<meta property=\"og:image:height\" content=\"1703\" \/>\n\t<meta property=\"og:image:type\" content=\"image\/jpeg\" \/>\n<meta name=\"twitter:card\" content=\"summary_large_image\" \/>\n<meta name=\"twitter:label1\" content=\"Est. reading time\" \/>\n\t<meta name=\"twitter:data1\" content=\"1 minute\" \/>\n<script type=\"application\/ld+json\" class=\"yoast-schema-graph\">{\"@context\":\"https:\\\/\\\/schema.org\",\"@graph\":[{\"@type\":\"WebPage\",\"@id\":\"https:\\\/\\\/www.larobeyere.com\\\/en\\\/charter-for-environment\\\/\",\"url\":\"https:\\\/\\\/www.larobeyere.com\\\/en\\\/charter-for-environment\\\/\",\"name\":\"Our eco-responsible approaches | La Rob\u00e9y\u00e8re\",\"isPartOf\":{\"@id\":\"https:\\\/\\\/www.larobeyere.com\\\/en\\\/#website\"},\"datePublished\":\"2023-07-17T14:12:08+00:00\",\"dateModified\":\"2023-12-01T12:47:37+00:00\",\"description\":\"Stay in an eco-friendly establishment! Proximity to transport, electric terminals, nature guides, water\\\/ energy savers, waste sorting, and priority to local products. Support our CSR and Green Key commitment.\",\"breadcrumb\":{\"@id\":\"https:\\\/\\\/www.larobeyere.com\\\/en\\\/charter-for-environment\\\/#breadcrumb\"},\"inLanguage\":\"en-US\",\"potentialAction\":[{\"@type\":\"ReadAction\",\"target\":[\"https:\\\/\\\/www.larobeyere.com\\\/en\\\/charter-for-environment\\\/\"]}]},{\"@type\":\"BreadcrumbList\",\"@id\":\"https:\\\/\\\/www.larobeyere.com\\\/en\\\/charter-for-environment\\\/#breadcrumb\",\"itemListElement\":[{\"@type\":\"ListItem\",\"position\":1,\"name\":\"Accueil\",\"item\":\"https:\\\/\\\/www.larobeyere.com\\\/en\\\/\"},{\"@type\":\"ListItem\",\"position\":2,\"name\":\"Our Charter for Environment\"}]},{\"@type\":\"WebSite\",\"@id\":\"https:\\\/\\\/www.larobeyere.com\\\/en\\\/#website\",\"url\":\"https:\\\/\\\/www.larobeyere.com\\\/en\\\/\",\"name\":\"H\u00f4tel La Rob\u00e9y\u00e8re - BW Signature Collection by Best Western\",\"description\":\"H\u00f4tel**** de Charme. Restaurant &amp; Spa \u00e0 Embrun\",\"publisher\":{\"@id\":\"https:\\\/\\\/www.larobeyere.com\\\/en\\\/#organization\"},\"potentialAction\":[{\"@type\":\"SearchAction\",\"target\":{\"@type\":\"EntryPoint\",\"urlTemplate\":\"https:\\\/\\\/www.larobeyere.com\\\/en\\\/?s={search_term_string}\"},\"query-input\":{\"@type\":\"PropertyValueSpecification\",\"valueRequired\":true,\"valueName\":\"search_term_string\"}}],\"inLanguage\":\"en-US\"},{\"@type\":\"Organization\",\"@id\":\"https:\\\/\\\/www.larobeyere.com\\\/en\\\/#organization\",\"name\":\"H\u00f4tel la Rob\u00e9y\u00e8re ****\",\"url\":\"https:\\\/\\\/www.larobeyere.com\\\/en\\\/\",\"logo\":{\"@type\":\"ImageObject\",\"inLanguage\":\"en-US\",\"@id\":\"https:\\\/\\\/www.larobeyere.com\\\/en\\\/#\\\/schema\\\/logo\\\/image\\\/\",\"url\":\"https:\\\/\\\/www.larobeyere.com\\\/wp-content\\\/uploads\\\/2021\\\/06\\\/LOGO_LA_ROBEYERE_header.svg\",\"contentUrl\":\"https:\\\/\\\/www.larobeyere.com\\\/wp-content\\\/uploads\\\/2021\\\/06\\\/LOGO_LA_ROBEYERE_header.svg\",\"width\":44.3944778,\"height\":38.446743,\"caption\":\"H\u00f4tel la Rob\u00e9y\u00e8re ****\"},\"image\":{\"@id\":\"https:\\\/\\\/www.larobeyere.com\\\/en\\\/#\\\/schema\\\/logo\\\/image\\\/\"},\"sameAs\":[\"https:\\\/\\\/www.facebook.com\\\/larobeyere\",\"https:\\\/\\\/www.instagram.com\\\/larobeyere\\\/\",\"https:\\\/\\\/www.linkedin.com\\\/company\\\/hotel-restaurant-la-rob\u00e9y\u00e8re\\\/\"]}]}<\/script>\n<!-- \/ Yoast SEO plugin. -->","yoast_head_json":{"title":"Our eco-responsible approaches | La Rob\u00e9y\u00e8re","description":"Stay in an eco-friendly establishment! Proximity to transport, electric terminals, nature guides, water\/ energy savers, waste sorting, and priority to local products. Support our CSR and Green Key commitment.","robots":{"index":"index","follow":"follow","max-snippet":"max-snippet:-1","max-image-preview":"max-image-preview:large","max-video-preview":"max-video-preview:-1"},"canonical":"https:\/\/www.larobeyere.com\/en\/charter-for-environment\/","og_locale":"en_US","og_type":"article","og_title":"Our eco-responsible approaches | La Rob\u00e9y\u00e8re","og_description":"Stay in an eco-friendly establishment! Proximity to transport, electric terminals, nature guides, water\/ energy savers, waste sorting, and priority to local products. Support our CSR and Green Key commitment.","og_url":"https:\/\/www.larobeyere.com\/en\/charter-for-environment\/","og_site_name":"H\u00f4tel La Rob\u00e9y\u00e8re - BW Signature Collection by Best Western","article_publisher":"https:\/\/www.facebook.com\/larobeyere","article_modified_time":"2023-12-01T12:47:37+00:00","og_image":[{"width":2560,"height":1703,"url":"https:\/\/www.larobeyere.com\/wp-content\/uploads\/2021\/05\/CMP-LAROBEYERE-05-2021-8-scaled.jpg","type":"image\/jpeg"}],"twitter_card":"summary_large_image","twitter_misc":{"Est. reading time":"1 minute"},"schema":{"@context":"https:\/\/schema.org","@graph":[{"@type":"WebPage","@id":"https:\/\/www.larobeyere.com\/en\/charter-for-environment\/","url":"https:\/\/www.larobeyere.com\/en\/charter-for-environment\/","name":"Our eco-responsible approaches | La Rob\u00e9y\u00e8re","isPartOf":{"@id":"https:\/\/www.larobeyere.com\/en\/#website"},"datePublished":"2023-07-17T14:12:08+00:00","dateModified":"2023-12-01T12:47:37+00:00","description":"Stay in an eco-friendly establishment! Proximity to transport, electric terminals, nature guides, water\/ energy savers, waste sorting, and priority to local products. Support our CSR and Green Key commitment.","breadcrumb":{"@id":"https:\/\/www.larobeyere.com\/en\/charter-for-environment\/#breadcrumb"},"inLanguage":"en-US","potentialAction":[{"@type":"ReadAction","target":["https:\/\/www.larobeyere.com\/en\/charter-for-environment\/"]}]},{"@type":"BreadcrumbList","@id":"https:\/\/www.larobeyere.com\/en\/charter-for-environment\/#breadcrumb","itemListElement":[{"@type":"ListItem","position":1,"name":"Accueil","item":"https:\/\/www.larobeyere.com\/en\/"},{"@type":"ListItem","position":2,"name":"Our Charter for Environment"}]},{"@type":"WebSite","@id":"https:\/\/www.larobeyere.com\/en\/#website","url":"https:\/\/www.larobeyere.com\/en\/","name":"H\u00f4tel La Rob\u00e9y\u00e8re - BW Signature Collection by Best Western","description":"H\u00f4tel**** de Charme. Restaurant &amp; Spa \u00e0 Embrun","publisher":{"@id":"https:\/\/www.larobeyere.com\/en\/#organization"},"potentialAction":[{"@type":"SearchAction","target":{"@type":"EntryPoint","urlTemplate":"https:\/\/www.larobeyere.com\/en\/?s={search_term_string}"},"query-input":{"@type":"PropertyValueSpecification","valueRequired":true,"valueName":"search_term_string"}}],"inLanguage":"en-US"},{"@type":"Organization","@id":"https:\/\/www.larobeyere.com\/en\/#organization","name":"H\u00f4tel la Rob\u00e9y\u00e8re ****","url":"https:\/\/www.larobeyere.com\/en\/","logo":{"@type":"ImageObject","inLanguage":"en-US","@id":"https:\/\/www.larobeyere.com\/en\/#\/schema\/logo\/image\/","url":"https:\/\/www.larobeyere.com\/wp-content\/uploads\/2021\/06\/LOGO_LA_ROBEYERE_header.svg","contentUrl":"https:\/\/www.larobeyere.com\/wp-content\/uploads\/2021\/06\/LOGO_LA_ROBEYERE_header.svg","width":44.3944778,"height":38.446743,"caption":"H\u00f4tel la Rob\u00e9y\u00e8re ****"},"image":{"@id":"https:\/\/www.larobeyere.com\/en\/#\/schema\/logo\/image\/"},"sameAs":["https:\/\/www.facebook.com\/larobeyere","https:\/\/www.instagram.com\/larobeyere\/","https:\/\/www.linkedin.com\/company\/hotel-restaurant-la-rob\u00e9y\u00e8re\/"]}]}},"_links":{"self":[{"href":"https:\/\/www.larobeyere.com\/en\/wp-json\/wp\/v2\/pages\/3649","targetHints":{"allow":["GET"]}}],"collection":[{"href":"https:\/\/www.larobeyere.com\/en\/wp-json\/wp\/v2\/pages"}],"about":[{"href":"https:\/\/www.larobeyere.com\/en\/wp-json\/wp\/v2\/types\/page"}],"author":[{"embeddable":true,"href":"https:\/\/www.larobeyere.com\/en\/wp-json\/wp\/v2\/users\/2"}],"replies":[{"embeddable":true,"href":"https:\/\/www.larobeyere.com\/en\/wp-json\/wp\/v2\/comments?post=3649"}],"version-history":[{"count":9,"href":"https:\/\/www.larobeyere.com\/en\/wp-json\/wp\/v2\/pages\/3649\/revisions"}],"predecessor-version":[{"id":4142,"href":"https:\/\/www.larobeyere.com\/en\/wp-json\/wp\/v2\/pages\/3649\/revisions\/4142"}],"wp:attachment":[{"href":"https:\/\/www.larobeyere.com\/en\/wp-json\/wp\/v2\/media?parent=3649"}],"curies":[{"name":"wp","href":"https:\/\/api.w.org\/{rel}","templated":true}]}}