{"id":4129,"date":"2023-11-28T09:53:49","date_gmt":"2023-11-28T08:53:49","guid":{"rendered":"https:\/\/www.larobeyere.com\/decouvrez-des-circuits-dans-les-hautes-alpes\/"},"modified":"2026-01-08T16:20:35","modified_gmt":"2026-01-08T15:20:35","slug":"discover-routes-in-the-hautes-alpes","status":"publish","type":"page","link":"https:\/\/www.larobeyere.com\/en\/discover-routes-in-the-hautes-alpes\/","title":{"rendered":"Discover routes in the Hautes-Alpes"},"content":{"rendered":"<figure><img loading=\"lazy\" decoding=\"async\" class=\"alignnone size-medium wp-image-4080\" src=\"https:\/\/www.larobeyere.com\/wp-content\/uploads\/2023\/11\/Hotel-300x200.jpg\" alt=\"\" width=\"300\" height=\"200\" srcset=\"https:\/\/www.larobeyere.com\/wp-content\/uploads\/2023\/11\/Hotel-300x200.jpg 300w, https:\/\/www.larobeyere.com\/wp-content\/uploads\/2023\/11\/Hotel-1024x681.jpg 1024w, https:\/\/www.larobeyere.com\/wp-content\/uploads\/2023\/11\/Hotel-768x511.jpg 768w, https:\/\/www.larobeyere.com\/wp-content\/uploads\/2023\/11\/Hotel-1536x1022.jpg 1536w, https:\/\/www.larobeyere.com\/wp-content\/uploads\/2023\/11\/Hotel-2048x1363.jpg 2048w, https:\/\/www.larobeyere.com\/wp-content\/uploads\/2023\/11\/Hotel-814x542.jpg 814w, https:\/\/www.larobeyere.com\/wp-content\/uploads\/2023\/11\/Hotel-532x354.jpg 532w, https:\/\/www.larobeyere.com\/wp-content\/uploads\/2023\/11\/Hotel-390x259.jpg 390w\" sizes=\"auto, (max-width: 300px) 85vw, 300px\" \/><\/figure>\n<p>Bienvenue \u00e0 l\u2019H\u00f4tel**** Restaurant &amp; Spa La Rob\u00e9y\u00e8re<\/p>\n<p>La Rob\u00e9y\u00e8re se trouve \u00e0 l\u2019entr\u00e9e d\u2019Embrun,<strong> sous les plus hauts sommets des Hautes-Alpes<\/strong>. Vous y retrouverez <strong>quarante chambres douces et confortables<\/strong> avec <strong>vue panoramique sur les montagnes<\/strong>. Vous pourrez choisir entre des chambres : Standard, Classique, Sup\u00e9rieure, Deluxe ou encore la familiale. Pouvant accueillir jusqu\u2019\u00e0 trois personnes maximum et quatre pour la familiale.<br \/>\nUne cuisine mettant en valeur des produits frais et locaux adapt\u00e9s aux saisons.<br \/>\nUn spa avec piscine int\u00e9rieur, hammam et bain nordique.<br \/>\nCet \u00e9tablissement est Signature Collection by Best Western mais aussi 4 \u00e9toiles.<br \/>\n<img loading=\"lazy\" decoding=\"async\" class=\"alignnone size-medium wp-image-4086\" src=\"https:\/\/www.larobeyere.com\/wp-content\/uploads\/2023\/11\/CMP-23-09-LAROBEYERE-FERRARI-206-300x200.jpg\" alt=\"\" width=\"300\" height=\"200\" srcset=\"https:\/\/www.larobeyere.com\/wp-content\/uploads\/2023\/11\/CMP-23-09-LAROBEYERE-FERRARI-206-300x200.jpg 300w, https:\/\/www.larobeyere.com\/wp-content\/uploads\/2023\/11\/CMP-23-09-LAROBEYERE-FERRARI-206-1024x681.jpg 1024w, https:\/\/www.larobeyere.com\/wp-content\/uploads\/2023\/11\/CMP-23-09-LAROBEYERE-FERRARI-206-768x511.jpg 768w, https:\/\/www.larobeyere.com\/wp-content\/uploads\/2023\/11\/CMP-23-09-LAROBEYERE-FERRARI-206-1536x1022.jpg 1536w, https:\/\/www.larobeyere.com\/wp-content\/uploads\/2023\/11\/CMP-23-09-LAROBEYERE-FERRARI-206-2048x1363.jpg 2048w, https:\/\/www.larobeyere.com\/wp-content\/uploads\/2023\/11\/CMP-23-09-LAROBEYERE-FERRARI-206-814x542.jpg 814w, https:\/\/www.larobeyere.com\/wp-content\/uploads\/2023\/11\/CMP-23-09-LAROBEYERE-FERRARI-206-532x354.jpg 532w, https:\/\/www.larobeyere.com\/wp-content\/uploads\/2023\/11\/CMP-23-09-LAROBEYERE-FERRARI-206-390x259.jpg 390w\" sizes=\"auto, (max-width: 300px) 85vw, 300px\" \/> <img loading=\"lazy\" decoding=\"async\" class=\"alignnone size-medium wp-image-4089\" src=\"https:\/\/www.larobeyere.com\/wp-content\/uploads\/2023\/11\/moto-300x201.jpeg\" alt=\"\" width=\"300\" height=\"201\" srcset=\"https:\/\/www.larobeyere.com\/wp-content\/uploads\/2023\/11\/moto-300x201.jpeg 300w, https:\/\/www.larobeyere.com\/wp-content\/uploads\/2023\/11\/moto-1024x686.jpeg 1024w, https:\/\/www.larobeyere.com\/wp-content\/uploads\/2023\/11\/moto-768x514.jpeg 768w, https:\/\/www.larobeyere.com\/wp-content\/uploads\/2023\/11\/moto-814x545.jpeg 814w, https:\/\/www.larobeyere.com\/wp-content\/uploads\/2023\/11\/moto-532x356.jpeg 532w, https:\/\/www.larobeyere.com\/wp-content\/uploads\/2023\/11\/moto-390x261.jpeg 390w, https:\/\/www.larobeyere.com\/wp-content\/uploads\/2023\/11\/moto.jpeg 1165w\" sizes=\"auto, (max-width: 300px) 85vw, 300px\" \/> <img loading=\"lazy\" decoding=\"async\" class=\"alignnone size-medium wp-image-4092\" src=\"https:\/\/www.larobeyere.com\/wp-content\/uploads\/2023\/11\/Hautes-alpes-300x271.jpeg\" alt=\"\" width=\"300\" height=\"271\" srcset=\"https:\/\/www.larobeyere.com\/wp-content\/uploads\/2023\/11\/Hautes-alpes-300x271.jpeg 300w, https:\/\/www.larobeyere.com\/wp-content\/uploads\/2023\/11\/Hautes-alpes-532x480.jpeg 532w, https:\/\/www.larobeyere.com\/wp-content\/uploads\/2023\/11\/Hautes-alpes-390x352.jpeg 390w, https:\/\/www.larobeyere.com\/wp-content\/uploads\/2023\/11\/Hautes-alpes.jpeg 640w\" sizes=\"auto, (max-width: 300px) 85vw, 300px\" \/> <img loading=\"lazy\" decoding=\"async\" class=\"alignnone size-medium wp-image-4095\" src=\"https:\/\/www.larobeyere.com\/wp-content\/uploads\/2023\/11\/Restaurant-300x200.jpeg\" alt=\"\" width=\"300\" height=\"200\" srcset=\"https:\/\/www.larobeyere.com\/wp-content\/uploads\/2023\/11\/Restaurant-300x200.jpeg 300w, https:\/\/www.larobeyere.com\/wp-content\/uploads\/2023\/11\/Restaurant-1024x683.jpeg 1024w, https:\/\/www.larobeyere.com\/wp-content\/uploads\/2023\/11\/Restaurant-768x512.jpeg 768w, https:\/\/www.larobeyere.com\/wp-content\/uploads\/2023\/11\/Restaurant-814x543.jpeg 814w, https:\/\/www.larobeyere.com\/wp-content\/uploads\/2023\/11\/Restaurant-532x355.jpeg 532w, https:\/\/www.larobeyere.com\/wp-content\/uploads\/2023\/11\/Restaurant-390x260.jpeg 390w, https:\/\/www.larobeyere.com\/wp-content\/uploads\/2023\/11\/Restaurant.jpeg 1170w\" sizes=\"auto, (max-width: 300px) 85vw, 300px\" \/><\/p>\n","protected":false},"excerpt":{"rendered":"<p>Bienvenue \u00e0 l\u2019H\u00f4tel**** Restaurant &amp; Spa &hellip;<\/p>\n","protected":false},"author":4,"featured_media":0,"parent":0,"menu_order":0,"comment_status":"closed","ping_status":"closed","template":"page-builder.php","meta":{"_acf_changed":false,"footnotes":""},"class_list":["post-4129","page","type-page","status-publish","hentry"],"acf":[],"yoast_head":"<!-- This site is optimized with the Yoast SEO plugin v27.4 - https:\/\/yoast.com\/product\/yoast-seo-wordpress\/ -->\n<title>Discover routes in the Hautes-Alpes | H\u00f4tel La Rob\u00e9y\u00e8re - BW Signature Collection by Best Western<\/title>\n<meta name=\"robots\" content=\"index, follow, max-snippet:-1, max-image-preview:large, max-video-preview:-1\" \/>\n<link rel=\"canonical\" href=\"https:\/\/www.larobeyere.com\/en\/discover-routes-in-the-hautes-alpes\/\" \/>\n<meta property=\"og:locale\" content=\"en_US\" \/>\n<meta property=\"og:type\" content=\"article\" \/>\n<meta property=\"og:title\" content=\"Discover routes in the Hautes-Alpes | H\u00f4tel La Rob\u00e9y\u00e8re - BW Signature Collection by Best Western\" \/>\n<meta property=\"og:description\" content=\"Bienvenue \u00e0 l\u2019H\u00f4tel**** Restaurant &amp; Spa &hellip;\" \/>\n<meta property=\"og:url\" content=\"https:\/\/www.larobeyere.com\/en\/discover-routes-in-the-hautes-alpes\/\" \/>\n<meta property=\"og:site_name\" content=\"H\u00f4tel La Rob\u00e9y\u00e8re - BW Signature Collection by Best Western\" \/>\n<meta property=\"article:publisher\" content=\"https:\/\/www.facebook.com\/larobeyere\" \/>\n<meta property=\"article:modified_time\" content=\"2026-01-08T15:20:35+00:00\" \/>\n<meta property=\"og:image\" content=\"https:\/\/www.larobeyere.com\/wp-content\/uploads\/2023\/11\/Hotel-scaled.jpg\" \/>\n\t<meta property=\"og:image:width\" content=\"2560\" \/>\n\t<meta property=\"og:image:height\" content=\"1703\" \/>\n\t<meta property=\"og:image:type\" content=\"image\/jpeg\" \/>\n<meta name=\"twitter:card\" content=\"summary_large_image\" \/>\n<meta name=\"twitter:label1\" content=\"Est. reading time\" \/>\n\t<meta name=\"twitter:data1\" content=\"1 minute\" \/>\n<script type=\"application\/ld+json\" class=\"yoast-schema-graph\">{\"@context\":\"https:\\\/\\\/schema.org\",\"@graph\":[{\"@type\":\"WebPage\",\"@id\":\"https:\\\/\\\/www.larobeyere.com\\\/en\\\/discover-routes-in-the-hautes-alpes\\\/\",\"url\":\"https:\\\/\\\/www.larobeyere.com\\\/en\\\/discover-routes-in-the-hautes-alpes\\\/\",\"name\":\"Discover routes in the Hautes-Alpes | H\u00f4tel La Rob\u00e9y\u00e8re - BW Signature Collection by Best Western\",\"isPartOf\":{\"@id\":\"https:\\\/\\\/www.larobeyere.com\\\/en\\\/#website\"},\"primaryImageOfPage\":{\"@id\":\"https:\\\/\\\/www.larobeyere.com\\\/en\\\/discover-routes-in-the-hautes-alpes\\\/#primaryimage\"},\"image\":{\"@id\":\"https:\\\/\\\/www.larobeyere.com\\\/en\\\/discover-routes-in-the-hautes-alpes\\\/#primaryimage\"},\"thumbnailUrl\":\"https:\\\/\\\/www.larobeyere.com\\\/wp-content\\\/uploads\\\/2023\\\/11\\\/Hotel-300x200.jpg\",\"datePublished\":\"2023-11-28T08:53:49+00:00\",\"dateModified\":\"2026-01-08T15:20:35+00:00\",\"breadcrumb\":{\"@id\":\"https:\\\/\\\/www.larobeyere.com\\\/en\\\/discover-routes-in-the-hautes-alpes\\\/#breadcrumb\"},\"inLanguage\":\"en-US\",\"potentialAction\":[{\"@type\":\"ReadAction\",\"target\":[\"https:\\\/\\\/www.larobeyere.com\\\/en\\\/discover-routes-in-the-hautes-alpes\\\/\"]}]},{\"@type\":\"ImageObject\",\"inLanguage\":\"en-US\",\"@id\":\"https:\\\/\\\/www.larobeyere.com\\\/en\\\/discover-routes-in-the-hautes-alpes\\\/#primaryimage\",\"url\":\"https:\\\/\\\/www.larobeyere.com\\\/wp-content\\\/uploads\\\/2023\\\/11\\\/Hotel-300x200.jpg\",\"contentUrl\":\"https:\\\/\\\/www.larobeyere.com\\\/wp-content\\\/uploads\\\/2023\\\/11\\\/Hotel-300x200.jpg\"},{\"@type\":\"BreadcrumbList\",\"@id\":\"https:\\\/\\\/www.larobeyere.com\\\/en\\\/discover-routes-in-the-hautes-alpes\\\/#breadcrumb\",\"itemListElement\":[{\"@type\":\"ListItem\",\"position\":1,\"name\":\"Accueil\",\"item\":\"https:\\\/\\\/www.larobeyere.com\\\/en\\\/\"},{\"@type\":\"ListItem\",\"position\":2,\"name\":\"Discover routes in the Hautes-Alpes\"}]},{\"@type\":\"WebSite\",\"@id\":\"https:\\\/\\\/www.larobeyere.com\\\/en\\\/#website\",\"url\":\"https:\\\/\\\/www.larobeyere.com\\\/en\\\/\",\"name\":\"H\u00f4tel La Rob\u00e9y\u00e8re - BW Signature Collection by Best Western\",\"description\":\"H\u00f4tel**** de Charme. Restaurant &amp; Spa \u00e0 Embrun\",\"publisher\":{\"@id\":\"https:\\\/\\\/www.larobeyere.com\\\/en\\\/#organization\"},\"potentialAction\":[{\"@type\":\"SearchAction\",\"target\":{\"@type\":\"EntryPoint\",\"urlTemplate\":\"https:\\\/\\\/www.larobeyere.com\\\/en\\\/?s={search_term_string}\"},\"query-input\":{\"@type\":\"PropertyValueSpecification\",\"valueRequired\":true,\"valueName\":\"search_term_string\"}}],\"inLanguage\":\"en-US\"},{\"@type\":\"Organization\",\"@id\":\"https:\\\/\\\/www.larobeyere.com\\\/en\\\/#organization\",\"name\":\"H\u00f4tel la Rob\u00e9y\u00e8re ****\",\"url\":\"https:\\\/\\\/www.larobeyere.com\\\/en\\\/\",\"logo\":{\"@type\":\"ImageObject\",\"inLanguage\":\"en-US\",\"@id\":\"https:\\\/\\\/www.larobeyere.com\\\/en\\\/#\\\/schema\\\/logo\\\/image\\\/\",\"url\":\"https:\\\/\\\/www.larobeyere.com\\\/wp-content\\\/uploads\\\/2021\\\/06\\\/LOGO_LA_ROBEYERE_header.svg\",\"contentUrl\":\"https:\\\/\\\/www.larobeyere.com\\\/wp-content\\\/uploads\\\/2021\\\/06\\\/LOGO_LA_ROBEYERE_header.svg\",\"width\":44.3944778,\"height\":38.446743,\"caption\":\"H\u00f4tel la Rob\u00e9y\u00e8re ****\"},\"image\":{\"@id\":\"https:\\\/\\\/www.larobeyere.com\\\/en\\\/#\\\/schema\\\/logo\\\/image\\\/\"},\"sameAs\":[\"https:\\\/\\\/www.facebook.com\\\/larobeyere\",\"https:\\\/\\\/www.instagram.com\\\/larobeyere\\\/\",\"https:\\\/\\\/www.linkedin.com\\\/company\\\/hotel-restaurant-la-rob\u00e9y\u00e8re\\\/\"]}]}<\/script>\n<!-- \/ Yoast SEO plugin. -->","yoast_head_json":{"title":"Discover routes in the Hautes-Alpes | H\u00f4tel La Rob\u00e9y\u00e8re - BW Signature Collection by Best Western","robots":{"index":"index","follow":"follow","max-snippet":"max-snippet:-1","max-image-preview":"max-image-preview:large","max-video-preview":"max-video-preview:-1"},"canonical":"https:\/\/www.larobeyere.com\/en\/discover-routes-in-the-hautes-alpes\/","og_locale":"en_US","og_type":"article","og_title":"Discover routes in the Hautes-Alpes | H\u00f4tel La Rob\u00e9y\u00e8re - BW Signature Collection by Best Western","og_description":"Bienvenue \u00e0 l\u2019H\u00f4tel**** Restaurant &amp; Spa &hellip;","og_url":"https:\/\/www.larobeyere.com\/en\/discover-routes-in-the-hautes-alpes\/","og_site_name":"H\u00f4tel La Rob\u00e9y\u00e8re - BW Signature Collection by Best Western","article_publisher":"https:\/\/www.facebook.com\/larobeyere","article_modified_time":"2026-01-08T15:20:35+00:00","og_image":[{"width":2560,"height":1703,"url":"https:\/\/www.larobeyere.com\/wp-content\/uploads\/2023\/11\/Hotel-scaled.jpg","type":"image\/jpeg"}],"twitter_card":"summary_large_image","twitter_misc":{"Est. reading time":"1 minute"},"schema":{"@context":"https:\/\/schema.org","@graph":[{"@type":"WebPage","@id":"https:\/\/www.larobeyere.com\/en\/discover-routes-in-the-hautes-alpes\/","url":"https:\/\/www.larobeyere.com\/en\/discover-routes-in-the-hautes-alpes\/","name":"Discover routes in the Hautes-Alpes | H\u00f4tel La Rob\u00e9y\u00e8re - BW Signature Collection by Best Western","isPartOf":{"@id":"https:\/\/www.larobeyere.com\/en\/#website"},"primaryImageOfPage":{"@id":"https:\/\/www.larobeyere.com\/en\/discover-routes-in-the-hautes-alpes\/#primaryimage"},"image":{"@id":"https:\/\/www.larobeyere.com\/en\/discover-routes-in-the-hautes-alpes\/#primaryimage"},"thumbnailUrl":"https:\/\/www.larobeyere.com\/wp-content\/uploads\/2023\/11\/Hotel-300x200.jpg","datePublished":"2023-11-28T08:53:49+00:00","dateModified":"2026-01-08T15:20:35+00:00","breadcrumb":{"@id":"https:\/\/www.larobeyere.com\/en\/discover-routes-in-the-hautes-alpes\/#breadcrumb"},"inLanguage":"en-US","potentialAction":[{"@type":"ReadAction","target":["https:\/\/www.larobeyere.com\/en\/discover-routes-in-the-hautes-alpes\/"]}]},{"@type":"ImageObject","inLanguage":"en-US","@id":"https:\/\/www.larobeyere.com\/en\/discover-routes-in-the-hautes-alpes\/#primaryimage","url":"https:\/\/www.larobeyere.com\/wp-content\/uploads\/2023\/11\/Hotel-300x200.jpg","contentUrl":"https:\/\/www.larobeyere.com\/wp-content\/uploads\/2023\/11\/Hotel-300x200.jpg"},{"@type":"BreadcrumbList","@id":"https:\/\/www.larobeyere.com\/en\/discover-routes-in-the-hautes-alpes\/#breadcrumb","itemListElement":[{"@type":"ListItem","position":1,"name":"Accueil","item":"https:\/\/www.larobeyere.com\/en\/"},{"@type":"ListItem","position":2,"name":"Discover routes in the Hautes-Alpes"}]},{"@type":"WebSite","@id":"https:\/\/www.larobeyere.com\/en\/#website","url":"https:\/\/www.larobeyere.com\/en\/","name":"H\u00f4tel La Rob\u00e9y\u00e8re - BW Signature Collection by Best Western","description":"H\u00f4tel**** de Charme. Restaurant &amp; Spa \u00e0 Embrun","publisher":{"@id":"https:\/\/www.larobeyere.com\/en\/#organization"},"potentialAction":[{"@type":"SearchAction","target":{"@type":"EntryPoint","urlTemplate":"https:\/\/www.larobeyere.com\/en\/?s={search_term_string}"},"query-input":{"@type":"PropertyValueSpecification","valueRequired":true,"valueName":"search_term_string"}}],"inLanguage":"en-US"},{"@type":"Organization","@id":"https:\/\/www.larobeyere.com\/en\/#organization","name":"H\u00f4tel la Rob\u00e9y\u00e8re ****","url":"https:\/\/www.larobeyere.com\/en\/","logo":{"@type":"ImageObject","inLanguage":"en-US","@id":"https:\/\/www.larobeyere.com\/en\/#\/schema\/logo\/image\/","url":"https:\/\/www.larobeyere.com\/wp-content\/uploads\/2021\/06\/LOGO_LA_ROBEYERE_header.svg","contentUrl":"https:\/\/www.larobeyere.com\/wp-content\/uploads\/2021\/06\/LOGO_LA_ROBEYERE_header.svg","width":44.3944778,"height":38.446743,"caption":"H\u00f4tel la Rob\u00e9y\u00e8re ****"},"image":{"@id":"https:\/\/www.larobeyere.com\/en\/#\/schema\/logo\/image\/"},"sameAs":["https:\/\/www.facebook.com\/larobeyere","https:\/\/www.instagram.com\/larobeyere\/","https:\/\/www.linkedin.com\/company\/hotel-restaurant-la-rob\u00e9y\u00e8re\/"]}]}},"_links":{"self":[{"href":"https:\/\/www.larobeyere.com\/en\/wp-json\/wp\/v2\/pages\/4129","targetHints":{"allow":["GET"]}}],"collection":[{"href":"https:\/\/www.larobeyere.com\/en\/wp-json\/wp\/v2\/pages"}],"about":[{"href":"https:\/\/www.larobeyere.com\/en\/wp-json\/wp\/v2\/types\/page"}],"author":[{"embeddable":true,"href":"https:\/\/www.larobeyere.com\/en\/wp-json\/wp\/v2\/users\/4"}],"replies":[{"embeddable":true,"href":"https:\/\/www.larobeyere.com\/en\/wp-json\/wp\/v2\/comments?post=4129"}],"version-history":[{"count":14,"href":"https:\/\/www.larobeyere.com\/en\/wp-json\/wp\/v2\/pages\/4129\/revisions"}],"predecessor-version":[{"id":5565,"href":"https:\/\/www.larobeyere.com\/en\/wp-json\/wp\/v2\/pages\/4129\/revisions\/5565"}],"wp:attachment":[{"href":"https:\/\/www.larobeyere.com\/en\/wp-json\/wp\/v2\/media?parent=4129"}],"curies":[{"name":"wp","href":"https:\/\/api.w.org\/{rel}","templated":true}]}}