{"id":550,"date":"2021-04-23T09:22:13","date_gmt":"2021-04-23T07:22:13","guid":{"rendered":"https:\/\/www.larobeyere.com\/mentions-legales\/"},"modified":"2026-04-01T13:05:04","modified_gmt":"2026-04-01T11:05:04","slug":"legal-terms","status":"publish","type":"page","link":"https:\/\/www.larobeyere.com\/en\/legal-terms\/","title":{"rendered":"Legals"},"content":{"rendered":"<p>Legal Notice<br \/>\nPlease read the various terms of use of this site carefully before browsing its pages. By connecting to this site, you accept, without reservation, these terms and conditions.<\/p>\n<p>Also, in accordance with article n \u00b0 6 of Law n \u00b0 2004-575 of June 21, 2004 on confidence in the digital economy, the managers of this website www.larobeyere.com are:<\/p>\n<h2>SITE EDITOR:<\/h2>\n<p><strong data-start=\"52\" data-end=\"75\">Ch\u00e2teau La Rob\u00e9y\u00e8re<\/strong><br data-start=\"75\" data-end=\"78\" \/>A limited liability company with a share capital of \u20ac210,000<br data-start=\"140\" data-end=\"143\" \/>Registered office: Quartier la Rob\u00e9y\u00e8re \u2013 05200 Embrun, France<br data-start=\"207\" data-end=\"210\" \/>Registered with the Trade and Companies Register of Gap under number 529 903 163<br data-start=\"295\" data-end=\"298\" \/>VAT identification number: FR72529903163<br \/>\nEditorial manager: Aude Collignon<br \/>\nPhone: 04 92 51 90 78<br \/>\nEmail: contact@larobeyere.com<br \/>\nWebsite: www.larobeyere.com<\/p>\n<p>Hosting:<\/p>\n<p>Host :<br \/>\nCELEONET<br \/>\n70 Rue Berthie Albrecht, 94400 Vitry-sur-Seine<br \/>\nWebsite: www.celeonet.fr<\/p>\n<h2>DEVELOPMENT:<\/h2>\n<p>Stratefly<br \/>\nWebsite: <a href=\"https:\/\/www.stratefly.fr\/en\" target=\"_blank\" rel=\"noopener\">https:\/\/www.stratefly.fr\/en<\/a><\/p>\n<h2>TERMS OF USE :<\/h2>\n<p>This www.larobeyere.com site is available in different web languages \u200b\u200b(HTML, HTML5, Javascript, CSS, etc.) for greater ease of use and more pleasant graphics.<br \/>\nWe recommend that you use modern browsers like Internet Explorer, Safari, Firefox, Google Chrome, etc.<br \/>\nWe implement all the means at its disposal to ensure reliable information and reliable updating of its websites.<\/p>\n<p>However, errors or omissions may occur. The Internet user must therefore ensure the accuracy of the information from <span style=\"font-weight: 400;\">Ch\u00e2teau <\/span>La Rob\u00e9y\u00e8re, and report any changes to the site that he deems useful. <span style=\"font-weight: 400;\">Ch\u00e2teau <\/span>La Rob\u00e9y\u00e8re is in no way responsible for the use made of this information, and for any direct or indirect damage that may result from it.<\/p>\n<p>Cookies: The www.larobeyere.com site may ask you to accept cookies for statistical and display purposes. A cookie is information placed on your hard drive by the server of the site you are visiting.<\/p>\n<p>It contains several pieces of data that are stored on your computer in a simple text file that a server accesses to read and save information. Some parts of this site may not be functional without the acceptance of cookies.<\/p>\n<p>Hyperlinks: Websites may provide links to other websites or other resources available on the Internet. <span style=\"font-weight: 400;\">Ch\u00e2teau <\/span>La Rob\u00e9y\u00e8re has no means of controlling sites in connection with its websites.<\/p>\n<p><span style=\"font-weight: 400;\">Ch\u00e2teau <\/span>La Rob\u00e9y\u00e8re does not respond to the availability of such external sites and sources, nor does it guarantee it. It cannot be held responsible for any damage, of any nature whatsoever, resulting from the content of these sites or external sources, and in particular from the information, products or services they offer, or from any use that may be made of these elements. The risks associated with this use fall fully on the Internet user, who must comply with their conditions of use.<\/p>\n<p>Users, subscribers and visitors to websites cannot set up a hyperlink to this site without the express prior authorization of <span style=\"font-weight: 400;\">Ch\u00e2teau <\/span>La Rob\u00e9y\u00e8re.<\/p>\n<p>In the event that a user or visitor wishes to set up a hyperlink to one of the websites of the <span style=\"font-weight: 400;\">Ch\u00e2teau <\/span>La Rob\u00e9y\u00e8re company, it will be up to him to send an email accessible on the site in order to formulate his request for implementation. place of a hyperlink.<\/p>\n<p>The establishment reserves the right to accept or refuse a hyperlink without having to justify its decision.<\/p>\n<h2>NEWSLETTERS:<\/h2>\n<p>If you subscribe to the site in order to receive newsletters, information about our services will be sent to you by email. These letters are of an informational nature and you can unsubscribe at any time by clicking on the link intended for this purpose at the bottom of the newsletter.<\/p>\n<p>Services provided:<\/p>\n<p>All of the company&#8217;s activities as well as its information are presented on our site.<\/p>\n<p><span style=\"font-weight: 400;\">Ch\u00e2teau <\/span>La Rob\u00e9y\u00e8re strives to provide as accurate information as possible on its site. The information on the site is not exhaustive and the photos are not contractual.<\/p>\n<p>They are given subject to modifications having been made since they were put online. Furthermore, all the information indicated on the site is given as an indication, and is likely to change or evolve without notice.<\/p>\n<p>Contractual limitation on data:<\/p>\n<p>The information on this site is as accurate as possible and the site updated at different times of the year, but may contain inaccuracies or omissions.<\/p>\n<p>If you notice a gap, error or what appears to be a malfunction, please report it by email to contact@larobeyere.com, describing the problem as precisely as possible (page with the problem, type of computer and browser used, etc.).<\/p>\n<p>All downloaded content is done at the risks and perils of the user and under his sole responsibility. Consequently, cannot be held responsible for any damage to the user&#8217;s computer or any loss of data resulting from the download.<\/p>\n<p>In addition, the user of the site agrees to access the site using recent equipment, which does not contain viruses and with an up-to-date latest generation browser.<\/p>\n<p>The hypertext links set up within the framework of this website to other resources present on the Internet network can not engage the responsibility of the company <span style=\"font-weight: 400;\">Ch\u00e2teau <\/span>La Rob\u00e9y\u00e8re.<\/p>\n<h2>INTELLECTUAL PROPERTY :<\/h2>\n<p>All the content of this site, including, without limitation, graphics, images, texts, videos, animations, sounds, logos, gifs and icons as well as their formatting are the exclusive property of the company with the exception of brands, logos or content belonging to other partner companies or authors.<\/p>\n<p>Any reproduction, distribution, modification, adaptation, retransmission or publication, even partial, of these various elements is strictly prohibited without the express written consent of <span style=\"font-weight: 400;\">Ch\u00e2teau <\/span>La Rob\u00e9y\u00e8re. This representation or reproduction, by any means whatsoever, constitutes an infringement punishable by articles L.335-2 and following of the Code of intellectual property. Failure to comply with this prohibition constitutes an infringement which may engage the civil and criminal liability of the infringer. In addition, the owners of the copied Content could take legal action against you.<\/p>\n<h2>DISPUTES:<\/h2>\n<p>These conditions of the site are governed by French laws and any dispute or litigation which could arise from the interpretation or execution, the consumer can refer either to the territorially competent courts under the code of civil procedure, or to the jurisdiction of his place where he resides at the time of the conclusion of the contract or the occurrence of the harmful event. The reference language for settling any disputes is French.<\/p>\n<h2>PERSONAL DATA :<\/h2>\n<p>In general, you are not required to provide us with your personal data when you visit our website.<\/p>\n<p>However, this principle has certain exceptions. Indeed, for certain services offered by our site, you may be required to provide us with certain data such as: your name, your function, the name of your company, your e-mail address, and your telephone number. This is the case when you fill out the form that is offered to you online, in the &#8220;contact&#8221; or &#8220;reservation&#8221; section.<\/p>\n<h2>COMPUTING AND FREEDOM :<\/h2>\n<p>In any case, you can refuse to provide your personal data.<\/p>\n<p>The user is in particular informed that, in accordance with article 32 of the data-processing law, files and freedoms of January 6, 1978 modified, the information communicated by the user because of the forms present on the site, is necessary to answer its request and are intended for the website operator, responsible for processing for administrative and commercial management purposes.<\/p>\n<p>The user is informed that he has the right to access and rectify data concerning him by writing to the operator of the website at contact@larobeyere.com.<\/p>\n<p>Finally, we may automatically collect certain information about you when simply browsing our website, in particular: information about the use of our site, such as the areas you visit and the services you access, your address IP, your browser type, your access times.<\/p>\n<p>Such information is used exclusively for internal statistical purposes, so as to improve the quality of the services offered to you. The databases are protected by the provisions of the law of July 1, 1998 transposing Directive 96\/9 of March 11, 1996 on the legal protection of databases.<\/p>\n<p>&nbsp;<\/p>\n<h2>MEDIATOR :<\/h2>\n<p>If your complaint is not addressed satisfactorily within a maximum of 60 days of written notification, you may, if you wish, submit a formal mediation procedure to the M\u00e9diateur du Commerce Coop\u00e9ratif et Associ\u00e9 (FCA) (an organization approved by the European Commission) at 77 rue de Lourmel, 75015 Paris, or via the website <a href=\"https:\/\/www.mcca-mediation.fr\" target=\"_blank\" rel=\"noopener\">www.mcca-mediation.fr<\/a>, where you can find the Mediation Charter for Cooperative and Associated Commerce and the complaint form, which can be accessed via the following link: <a href=\"https:\/\/www.mcca-mediation.fr\/recours-au-mediateur-de-la-consommation\" target=\"_blank\" rel=\"noopener\">https:\/\/www.mcca-mediation.fr\/recours-au-mediateur-de-la-consommation<\/a>.<\/p>\n","protected":false},"excerpt":{"rendered":"<p>Legal Notice Please read the various &hellip;<\/p>\n","protected":false},"author":1,"featured_media":0,"parent":0,"menu_order":0,"comment_status":"closed","ping_status":"closed","template":"","meta":{"_acf_changed":false,"footnotes":""},"class_list":["post-550","page","type-page","status-publish","hentry"],"acf":[],"yoast_head":"<!-- This site is optimized with the Yoast SEO plugin v27.5 - https:\/\/yoast.com\/product\/yoast-seo-wordpress\/ -->\n<title>Legals | H\u00f4tel La Rob\u00e9y\u00e8re - BW Signature Collection by Best Western<\/title>\n<meta name=\"robots\" content=\"noindex, follow\" \/>\n<meta property=\"og:locale\" content=\"en_US\" \/>\n<meta property=\"og:type\" content=\"article\" \/>\n<meta property=\"og:title\" content=\"Legals | H\u00f4tel La Rob\u00e9y\u00e8re - BW Signature Collection by Best Western\" \/>\n<meta property=\"og:description\" content=\"Legal Notice Please read the various &hellip;\" \/>\n<meta property=\"og:url\" content=\"https:\/\/www.larobeyere.com\/en\/legal-terms\/\" \/>\n<meta property=\"og:site_name\" content=\"H\u00f4tel La Rob\u00e9y\u00e8re - BW Signature Collection by Best Western\" \/>\n<meta property=\"article:publisher\" content=\"https:\/\/www.facebook.com\/larobeyere\" \/>\n<meta property=\"article:modified_time\" content=\"2026-04-01T11:05:04+00:00\" \/>\n<meta property=\"og:image\" content=\"https:\/\/www.larobeyere.com\/wp-content\/uploads\/2021\/05\/CMP-LAROBEYERE-05-2021-8-scaled.jpg\" \/>\n\t<meta property=\"og:image:width\" content=\"2560\" \/>\n\t<meta property=\"og:image:height\" content=\"1703\" \/>\n\t<meta property=\"og:image:type\" content=\"image\/jpeg\" \/>\n<meta name=\"twitter:card\" content=\"summary_large_image\" \/>\n<meta name=\"twitter:label1\" content=\"Est. reading time\" \/>\n\t<meta name=\"twitter:data1\" content=\"7 minutes\" \/>\n<script type=\"application\/ld+json\" class=\"yoast-schema-graph\">{\"@context\":\"https:\\\/\\\/schema.org\",\"@graph\":[{\"@type\":\"WebPage\",\"@id\":\"https:\\\/\\\/www.larobeyere.com\\\/en\\\/legal-terms\\\/\",\"url\":\"https:\\\/\\\/www.larobeyere.com\\\/en\\\/legal-terms\\\/\",\"name\":\"Legals | H\u00f4tel La Rob\u00e9y\u00e8re - BW Signature Collection by Best Western\",\"isPartOf\":{\"@id\":\"https:\\\/\\\/www.larobeyere.com\\\/en\\\/#website\"},\"datePublished\":\"2021-04-23T07:22:13+00:00\",\"dateModified\":\"2026-04-01T11:05:04+00:00\",\"breadcrumb\":{\"@id\":\"https:\\\/\\\/www.larobeyere.com\\\/en\\\/legal-terms\\\/#breadcrumb\"},\"inLanguage\":\"en-US\",\"potentialAction\":[{\"@type\":\"ReadAction\",\"target\":[\"https:\\\/\\\/www.larobeyere.com\\\/en\\\/legal-terms\\\/\"]}]},{\"@type\":\"BreadcrumbList\",\"@id\":\"https:\\\/\\\/www.larobeyere.com\\\/en\\\/legal-terms\\\/#breadcrumb\",\"itemListElement\":[{\"@type\":\"ListItem\",\"position\":1,\"name\":\"Accueil\",\"item\":\"https:\\\/\\\/www.larobeyere.com\\\/en\\\/\"},{\"@type\":\"ListItem\",\"position\":2,\"name\":\"Legals\"}]},{\"@type\":\"WebSite\",\"@id\":\"https:\\\/\\\/www.larobeyere.com\\\/en\\\/#website\",\"url\":\"https:\\\/\\\/www.larobeyere.com\\\/en\\\/\",\"name\":\"H\u00f4tel La Rob\u00e9y\u00e8re - BW Signature Collection by Best Western\",\"description\":\"H\u00f4tel**** de Charme. Restaurant &amp; Spa \u00e0 Embrun\",\"publisher\":{\"@id\":\"https:\\\/\\\/www.larobeyere.com\\\/en\\\/#organization\"},\"potentialAction\":[{\"@type\":\"SearchAction\",\"target\":{\"@type\":\"EntryPoint\",\"urlTemplate\":\"https:\\\/\\\/www.larobeyere.com\\\/en\\\/?s={search_term_string}\"},\"query-input\":{\"@type\":\"PropertyValueSpecification\",\"valueRequired\":true,\"valueName\":\"search_term_string\"}}],\"inLanguage\":\"en-US\"},{\"@type\":\"Organization\",\"@id\":\"https:\\\/\\\/www.larobeyere.com\\\/en\\\/#organization\",\"name\":\"H\u00f4tel la Rob\u00e9y\u00e8re ****\",\"url\":\"https:\\\/\\\/www.larobeyere.com\\\/en\\\/\",\"logo\":{\"@type\":\"ImageObject\",\"inLanguage\":\"en-US\",\"@id\":\"https:\\\/\\\/www.larobeyere.com\\\/en\\\/#\\\/schema\\\/logo\\\/image\\\/\",\"url\":\"https:\\\/\\\/www.larobeyere.com\\\/wp-content\\\/uploads\\\/2021\\\/06\\\/LOGO_LA_ROBEYERE_header.svg\",\"contentUrl\":\"https:\\\/\\\/www.larobeyere.com\\\/wp-content\\\/uploads\\\/2021\\\/06\\\/LOGO_LA_ROBEYERE_header.svg\",\"width\":44.3944778,\"height\":38.446743,\"caption\":\"H\u00f4tel la Rob\u00e9y\u00e8re ****\"},\"image\":{\"@id\":\"https:\\\/\\\/www.larobeyere.com\\\/en\\\/#\\\/schema\\\/logo\\\/image\\\/\"},\"sameAs\":[\"https:\\\/\\\/www.facebook.com\\\/larobeyere\",\"https:\\\/\\\/www.instagram.com\\\/larobeyere\\\/\",\"https:\\\/\\\/www.linkedin.com\\\/company\\\/hotel-restaurant-la-rob\u00e9y\u00e8re\\\/\"]}]}<\/script>\n<!-- \/ Yoast SEO plugin. -->","yoast_head_json":{"title":"Legals | H\u00f4tel La Rob\u00e9y\u00e8re - BW Signature Collection by Best Western","robots":{"index":"noindex","follow":"follow"},"og_locale":"en_US","og_type":"article","og_title":"Legals | H\u00f4tel La Rob\u00e9y\u00e8re - BW Signature Collection by Best Western","og_description":"Legal Notice Please read the various &hellip;","og_url":"https:\/\/www.larobeyere.com\/en\/legal-terms\/","og_site_name":"H\u00f4tel La Rob\u00e9y\u00e8re - BW Signature Collection by Best Western","article_publisher":"https:\/\/www.facebook.com\/larobeyere","article_modified_time":"2026-04-01T11:05:04+00:00","og_image":[{"width":2560,"height":1703,"url":"https:\/\/www.larobeyere.com\/wp-content\/uploads\/2021\/05\/CMP-LAROBEYERE-05-2021-8-scaled.jpg","type":"image\/jpeg"}],"twitter_card":"summary_large_image","twitter_misc":{"Est. reading time":"7 minutes"},"schema":{"@context":"https:\/\/schema.org","@graph":[{"@type":"WebPage","@id":"https:\/\/www.larobeyere.com\/en\/legal-terms\/","url":"https:\/\/www.larobeyere.com\/en\/legal-terms\/","name":"Legals | H\u00f4tel La Rob\u00e9y\u00e8re - BW Signature Collection by Best Western","isPartOf":{"@id":"https:\/\/www.larobeyere.com\/en\/#website"},"datePublished":"2021-04-23T07:22:13+00:00","dateModified":"2026-04-01T11:05:04+00:00","breadcrumb":{"@id":"https:\/\/www.larobeyere.com\/en\/legal-terms\/#breadcrumb"},"inLanguage":"en-US","potentialAction":[{"@type":"ReadAction","target":["https:\/\/www.larobeyere.com\/en\/legal-terms\/"]}]},{"@type":"BreadcrumbList","@id":"https:\/\/www.larobeyere.com\/en\/legal-terms\/#breadcrumb","itemListElement":[{"@type":"ListItem","position":1,"name":"Accueil","item":"https:\/\/www.larobeyere.com\/en\/"},{"@type":"ListItem","position":2,"name":"Legals"}]},{"@type":"WebSite","@id":"https:\/\/www.larobeyere.com\/en\/#website","url":"https:\/\/www.larobeyere.com\/en\/","name":"H\u00f4tel La Rob\u00e9y\u00e8re - BW Signature Collection by Best Western","description":"H\u00f4tel**** de Charme. Restaurant &amp; Spa \u00e0 Embrun","publisher":{"@id":"https:\/\/www.larobeyere.com\/en\/#organization"},"potentialAction":[{"@type":"SearchAction","target":{"@type":"EntryPoint","urlTemplate":"https:\/\/www.larobeyere.com\/en\/?s={search_term_string}"},"query-input":{"@type":"PropertyValueSpecification","valueRequired":true,"valueName":"search_term_string"}}],"inLanguage":"en-US"},{"@type":"Organization","@id":"https:\/\/www.larobeyere.com\/en\/#organization","name":"H\u00f4tel la Rob\u00e9y\u00e8re ****","url":"https:\/\/www.larobeyere.com\/en\/","logo":{"@type":"ImageObject","inLanguage":"en-US","@id":"https:\/\/www.larobeyere.com\/en\/#\/schema\/logo\/image\/","url":"https:\/\/www.larobeyere.com\/wp-content\/uploads\/2021\/06\/LOGO_LA_ROBEYERE_header.svg","contentUrl":"https:\/\/www.larobeyere.com\/wp-content\/uploads\/2021\/06\/LOGO_LA_ROBEYERE_header.svg","width":44.3944778,"height":38.446743,"caption":"H\u00f4tel la Rob\u00e9y\u00e8re ****"},"image":{"@id":"https:\/\/www.larobeyere.com\/en\/#\/schema\/logo\/image\/"},"sameAs":["https:\/\/www.facebook.com\/larobeyere","https:\/\/www.instagram.com\/larobeyere\/","https:\/\/www.linkedin.com\/company\/hotel-restaurant-la-rob\u00e9y\u00e8re\/"]}]}},"_links":{"self":[{"href":"https:\/\/www.larobeyere.com\/en\/wp-json\/wp\/v2\/pages\/550","targetHints":{"allow":["GET"]}}],"collection":[{"href":"https:\/\/www.larobeyere.com\/en\/wp-json\/wp\/v2\/pages"}],"about":[{"href":"https:\/\/www.larobeyere.com\/en\/wp-json\/wp\/v2\/types\/page"}],"author":[{"embeddable":true,"href":"https:\/\/www.larobeyere.com\/en\/wp-json\/wp\/v2\/users\/1"}],"replies":[{"embeddable":true,"href":"https:\/\/www.larobeyere.com\/en\/wp-json\/wp\/v2\/comments?post=550"}],"version-history":[{"count":12,"href":"https:\/\/www.larobeyere.com\/en\/wp-json\/wp\/v2\/pages\/550\/revisions"}],"predecessor-version":[{"id":5720,"href":"https:\/\/www.larobeyere.com\/en\/wp-json\/wp\/v2\/pages\/550\/revisions\/5720"}],"wp:attachment":[{"href":"https:\/\/www.larobeyere.com\/en\/wp-json\/wp\/v2\/media?parent=550"}],"curies":[{"name":"wp","href":"https:\/\/api.w.org\/{rel}","templated":true}]}}