{"id":1934,"date":"2021-04-23T09:22:13","date_gmt":"2021-04-23T07:22:13","guid":{"rendered":"https:\/\/www.larobeyere.com\/legal-terms\/"},"modified":"2026-04-01T13:05:54","modified_gmt":"2026-04-01T11:05:54","slug":"avviso-legale","status":"publish","type":"page","link":"https:\/\/www.larobeyere.com\/it\/avviso-legale\/","title":{"rendered":"Avviso legale"},"content":{"rendered":"<p>Avviso legale<br \/>\nSi prega di leggere attentamente i vari termini di utilizzo di questo sito prima di navigare nelle sue pagine. Collegandoti a questo sito accetti, senza riserve, questi termini e condizioni.<\/p>\n<p>Inoltre, ai sensi dell&#8217;articolo n\u00b0 6 della Legge n\u00b0 2004-575 del 21 giugno 2004 sulla fiducia nell&#8217;economia digitale, i gestori di questo sito web www.larobeyere.com sono:<\/p>\n<h2>EDITORE DEL SITO:<\/h2>\n<p><strong data-start=\"74\" data-end=\"97\">Ch\u00e2teau La Rob\u00e9y\u00e8re<\/strong><br data-start=\"97\" data-end=\"100\" \/>Societ\u00e0 a responsabilit\u00e0 limitata con capitale sociale di \u20ac210.000<br data-start=\"168\" data-end=\"171\" \/>Sede legale: Quartier la Rob\u00e9y\u00e8re \u2013 05200 Embrun, Francia<br data-start=\"230\" data-end=\"233\" \/>Iscritta al Registro delle Imprese di Gap con il numero 529 903 163<br data-start=\"305\" data-end=\"308\" data-is-only-node=\"\" \/>Partita IVA intracomunitaria: FR72529903163<br \/>\nResponsabile editoriale: Aude Collignon<br \/>\nTelefono: 04 92 51 90 78<br \/>\nE-mail: contact@larobeyere.com<br \/>\nSito Web: www.larobeyere.com<\/p>\n<p>Alloggio:<\/p>\n<p>Ospite :<br \/>\nCELEONET<br \/>\n70 Rue Berthie Albrecht, 94400 Vitry-sur-Seine<br \/>\nSito Web: www.celeonet.fr<\/p>\n<h2>SVILUPPO:<\/h2>\n<p>Stratefly<br \/>\nSito Web: https:\/\/stratefly.fr\/<\/p>\n<h2>TERMINI DI UTILIZZO :<\/h2>\n<p>Questo sito www.larobeyere.com \u00e8 disponibile in diversi linguaggi web (HTML, HTML5, Javascript, CSS, ecc.) per una maggiore semplicit\u00e0 di utilizzo e una grafica pi\u00f9 gradevole.<br \/>\nTi consigliamo di utilizzare browser moderni come Internet Explorer, Safari, Firefox, Google Chrome, ecc.<br \/>\nMettiamo in atto tutti i mezzi a sua disposizione per garantire un&#8217;informazione affidabile e un aggiornamento affidabile dei suoi siti web.<\/p>\n<p>Tuttavia, possono verificarsi errori o omissioni. L&#8217;utente di Internet deve quindi garantire l&#8217;esattezza delle informazioni fornite dal <span style=\"font-weight: 400;\">Ch\u00e2teau <\/span>La Rob\u00e9y\u00e8re e segnalare eventuali modifiche al sito che ritenga utili. <span style=\"font-weight: 400;\">Ch\u00e2teau <\/span>La Rob\u00e9y\u00e8re non \u00e8 in alcun modo responsabile per l&#8217;uso fatto di queste informazioni e per qualsiasi danno diretto o indiretto che possa derivarne.<\/p>\n<p>Cookie: Il sito www.larobeyere.com potrebbe chiederti di accettare i cookie per fini statistici e di visualizzazione. Un cookie \u00e8 un&#8217;informazione depositata sul tuo disco rigido dal server del sito che stai visitando.<\/p>\n<p>Contiene diversi dati che vengono memorizzati sul tuo computer in un semplice file di testo a cui un server accede per leggere e salvare le informazioni. Alcune parti di questo sito potrebbero non essere funzionali senza l&#8217;accettazione dei cookie.<\/p>\n<p>Collegamenti ipertestuali: i siti Web possono fornire collegamenti ad altri siti Web o altre risorse disponibili su Internet. <span style=\"font-weight: 400;\">Ch\u00e2teau <\/span>La Rob\u00e9y\u00e8re non ha alcun mezzo per controllare i siti in connessione con i propri siti web.<\/p>\n<p><span style=\"font-weight: 400;\">Ch\u00e2teau <\/span>La Rob\u00e9y\u00e8re non risponde della disponibilit\u00e0 di tali siti e fonti esterne, n\u00e9 la garantisce. Non pu\u00f2 essere ritenuta responsabile per eventuali danni, di qualsiasi natura, derivanti dal contenuto di questi siti o fonti esterne, e in particolare dalle informazioni, prodotti o servizi che offrono, o da qualsiasi uso che possa essere fatto di questi elementi. I rischi associati a questo utilizzo ricadono interamente sull&#8217;utente Internet, che deve rispettare le sue condizioni di utilizzo.<\/p>\n<p>Gli utenti, gli abbonati e i visitatori dei siti Web non possono creare un collegamento ipertestuale a questo sito senza l&#8217;espressa autorizzazione del <span style=\"font-weight: 400;\">Ch\u00e2teau <\/span>La Rob\u00e9y\u00e8re.<\/p>\n<p>Nel caso in cui un utente o un visitatore desideri creare un collegamento ipertestuale a uno dei siti Web della societ\u00e0 <span style=\"font-weight: 400;\">Ch\u00e2teau <\/span>La Rob\u00e9y\u00e8re, spetter\u00e0 a lui inviare un&#8217;e-mail accessibile sul sito per formulare la sua richiesta di attuazione. luogo di un collegamento ipertestuale.<\/p>\n<p>La struttura si riserva il diritto di accettare o rifiutare un collegamento ipertestuale senza dover giustificare la propria decisione.<\/p>\n<h2>NEWSLETTER:<\/h2>\n<p>Se ti iscrivi al sito per ricevere le newsletter, le informazioni sui nostri servizi ti verranno inviate tramite e-mail. Queste lettere sono di natura informativa e puoi cancellarti in qualsiasi momento cliccando sul link previsto a tale scopo in fondo alla newsletter.<\/p>\n<p>Servizio fornito:<\/p>\n<p>Tutte le attivit\u00e0 dell&#8217;azienda e le sue informazioni sono presentate sul nostro sito.<\/p>\n<p><span style=\"font-weight: 400;\">Ch\u00e2teau <\/span>La Rob\u00e9y\u00e8re si sforza di fornire informazioni il pi\u00f9 accurate possibili sul proprio sito. Le informazioni sul sito non sono esaustive e le foto non sono contrattuali.<\/p>\n<p>Sono dati a condizione che siano state apportate modifiche da quando sono stati messi online. Inoltre, tutte le informazioni indicate nel sito sono fornite a titolo indicativo e sono suscettibili di modifiche o evoluzioni senza preavviso.<\/p>\n<p>Limitazione contrattuale dei dati:<\/p>\n<p>Le informazioni su questo sito sono il pi\u00f9 accurate possibile e il sito \u00e8 aggiornato in diversi periodi dell&#8217;anno, ma pu\u00f2 contenere inesattezze o omissioni.<\/p>\n<p>Se noti una lacuna, un errore o quello che sembra essere un malfunzionamento, segnalalo via e-mail a contact@larobeyere.com, descrivendo il problema nel modo pi\u00f9 preciso possibile (pagina con il problema, tipo di computer e browser utilizzato, ecc.) .<\/p>\n<p>Tutti i contenuti scaricati sono effettuati a rischio e pericolo dell&#8217;utente e sotto la sua esclusiva responsabilit\u00e0. Di conseguenza, non pu\u00f2 essere ritenuta responsabile per eventuali danni al computer dell&#8217;utente o per qualsiasi perdita di dati derivante dal download.<\/p>\n<p>Inoltre, l&#8217;utente del sito si impegna ad accedere al sito utilizzando apparecchiature recenti, che non contengano virus e con un browser aggiornato di ultima generazione.<\/p>\n<p>I collegamenti ipertestuali creati nell&#8217;ambito di questo sito Web ad altre risorse presenti sulla rete Internet non possono impegnare la responsabilit\u00e0 della societ\u00e0 <span style=\"font-weight: 400;\">Ch\u00e2teau <\/span>La Rob\u00e9y\u00e8re.<\/p>\n<h2>PROPRIET\u00c0 INTELLETTUALE :<\/h2>\n<p>Tutto il contenuto di questo sito, inclusi, a titolo esemplificativo, grafici, immagini, testi, video, animazioni, suoni, loghi, gif e icone nonch\u00e9 la loro formattazione sono di propriet\u00e0 esclusiva della societ\u00e0 ad eccezione di marchi, loghi o contenuti appartenenti ad altre societ\u00e0 partner o autori.<\/p>\n<p>Qualsiasi riproduzione, distribuzione, modifica, adattamento, ritrasmissione o pubblicazione, anche parziale, di questi vari elementi \u00e8 severamente vietata senza l&#8217;espresso consenso scritto del <span style=\"font-weight: 400;\">Ch\u00e2teau <\/span>La Rob\u00e9y\u00e8re. Questa rappresentazione o riproduzione, con qualsiasi mezzo, costituisce una violazione punibile dagli articoli L.335-2 e seguenti del Codice della propriet\u00e0 intellettuale. Il mancato rispetto di tale divieto costituisce una violazione che pu\u00f2 comportare la responsabilit\u00e0 civile e penale dell&#8217;autore della violazione. Inoltre, i proprietari dei Contenuti copiati potrebbero intraprendere azioni legali contro di te.<\/p>\n<h2>CONTROVERSIE:<\/h2>\n<p>Le presenti condizioni del sito sono regolate dalle leggi francesi e per qualsiasi controversia o contenzioso che dovesse derivare dalla loro interpretazione o esecuzione, il consumatore potr\u00e0 rivolgersi sia ai tribunali territorialmente competenti ai sensi del codice di procedura civile, sia alla giurisdizione del suo luogo in cui risiede al momento della conclusione del contratto o del sopravvenire dell&#8217;evento dannoso. La lingua di riferimento per la risoluzione di eventuali controversie \u00e8 il francese.<\/p>\n<h2>DATI PERSONALI :<\/h2>\n<p>In generale, non sei tenuto a fornirci i tuoi dati personali quando visiti il \u200b\u200bnostro sito web.<\/p>\n<p>Tuttavia, questo principio ha alcune eccezioni. Infatti, per alcuni servizi offerti dal nostro sito, potrebbe esserti richiesto di fornirci alcuni dati quali: il tuo nome, la tua funzione, il nome della tua azienda, il tuo indirizzo e-mail e il tuo numero di telefono. Questo \u00e8 il caso quando compili il modulo che ti viene offerto online, nella sezione &#8220;contatti&#8221; o &#8220;prenotazione&#8221;.<\/p>\n<h2>INFORMATICA E LIBERT\u00c0 :<\/h2>\n<p>In ogni caso, puoi rifiutarti di fornire i tuoi dati personali.<\/p>\n<p>L&#8217;utente \u00e8 in particolare informato che, ai sensi dell&#8217;articolo 32 della legge informatica, file e libert\u00e0 del 6 gennaio 1978 modificata, le informazioni comunicate dall&#8217;utente a causa dei moduli presenti sul sito, sono necessarie per rispondere alle sue richiesta e sono destinati al gestore del sito web, responsabile del trattamento per finalit\u00e0 di gestione amministrativa e commerciale.<\/p>\n<p>L&#8217;utente \u00e8 informato che ha il diritto di accedere e rettificare i dati che lo riguardano scrivendo al gestore del sito web all&#8217;indirizzo contact@larobeyere.com.<\/p>\n<p>Infine, potremmo raccogliere automaticamente alcune informazioni su di te durante la semplice navigazione nel nostro sito Web, in particolare: informazioni sull&#8217;utilizzo del nostro sito, come le aree che visiti e i servizi a cui accedi, il tuo indirizzo IP, il tipo di browser, i tuoi tempi di accesso .<\/p>\n<p>Tali informazioni vengono utilizzate esclusivamente a fini statistici interni, in modo da migliorare la qualit\u00e0 dei servizi offerti all&#8217;utente. Le banche dati sono tutelate dalle disposizioni della legge 1 luglio 1998 che recepisce la direttiva 96\/9 dell&#8217;11 marzo 1996 sulla tutela giuridica delle banche dati.<\/p>\n<h2>MEDIATOR :<\/h2>\n<p>In assenza di una risposta soddisfacente al tuo reclamo, entro un termine massimo di 60 giorni dalla notifica scritta, puoi, se lo desideri, ricorrere per posta ad una procedura di mediazione convenzionale presso il M\u00e9diateur du Commerce Coop\u00e9ratif et Associ\u00e9 &#8211; FCA (organismo riconosciuto dalla Commissione Europea) &#8211; 77, rue de Lourmel &#8211; 75015 Parigi, o tramite il sito web <a href=\"https:\/\/www.mcca-mediation.fr\" target=\"_blank\" rel=\"noopener\">www.mcca-mediation.fr<\/a> dove \u00e8 possibile trovare la Carta della Mediazione del Commercio Cooperativo e Associato nonch\u00e9 il modulo di reclamo accessibile dal seguente link: <a href=\"https:\/\/www.mcca-mediation.fr\/recours-au-mediateur-de-la-consommation\" target=\"_blank\" rel=\"noopener\">https:\/\/www.mcca-mediation.fr\/recours-au-mediateur-de-la-consommation<\/a>.<\/p>\n","protected":false},"excerpt":{"rendered":"<p>Avviso legale Si prega di leggere &hellip;<\/p>\n","protected":false},"author":1,"featured_media":0,"parent":0,"menu_order":0,"comment_status":"closed","ping_status":"closed","template":"","meta":{"_acf_changed":false,"footnotes":""},"class_list":["post-1934","page","type-page","status-publish","hentry"],"acf":[],"yoast_head":"<!-- This site is optimized with the Yoast SEO plugin v27.4 - https:\/\/yoast.com\/product\/yoast-seo-wordpress\/ -->\n<title>Avviso legale | H\u00f4tel La Rob\u00e9y\u00e8re - BW Signature Collection by Best Western<\/title>\n<meta name=\"robots\" content=\"noindex, follow\" \/>\n<meta property=\"og:locale\" content=\"it_IT\" \/>\n<meta property=\"og:type\" content=\"article\" \/>\n<meta property=\"og:title\" content=\"Avviso legale | H\u00f4tel La Rob\u00e9y\u00e8re - BW Signature Collection by Best Western\" \/>\n<meta property=\"og:description\" content=\"Avviso legale Si prega di leggere &hellip;\" \/>\n<meta property=\"og:url\" content=\"https:\/\/www.larobeyere.com\/it\/avviso-legale\/\" \/>\n<meta property=\"og:site_name\" content=\"H\u00f4tel La Rob\u00e9y\u00e8re - BW Signature Collection by Best Western\" \/>\n<meta property=\"article:publisher\" content=\"https:\/\/www.facebook.com\/larobeyere\" \/>\n<meta property=\"article:modified_time\" content=\"2026-04-01T11:05:54+00:00\" \/>\n<meta property=\"og:image\" content=\"https:\/\/www.larobeyere.com\/wp-content\/uploads\/2021\/05\/CMP-LAROBEYERE-05-2021-8-scaled.jpg\" \/>\n\t<meta property=\"og:image:width\" content=\"2560\" \/>\n\t<meta property=\"og:image:height\" content=\"1703\" \/>\n\t<meta property=\"og:image:type\" content=\"image\/jpeg\" \/>\n<meta name=\"twitter:card\" content=\"summary_large_image\" \/>\n<meta name=\"twitter:label1\" content=\"Tempo di lettura stimato\" \/>\n\t<meta name=\"twitter:data1\" content=\"7 minuti\" \/>\n<script type=\"application\/ld+json\" class=\"yoast-schema-graph\">{\"@context\":\"https:\\\/\\\/schema.org\",\"@graph\":[{\"@type\":\"WebPage\",\"@id\":\"https:\\\/\\\/www.larobeyere.com\\\/it\\\/avviso-legale\\\/\",\"url\":\"https:\\\/\\\/www.larobeyere.com\\\/it\\\/avviso-legale\\\/\",\"name\":\"Avviso legale | H\u00f4tel La Rob\u00e9y\u00e8re - BW Signature Collection by Best Western\",\"isPartOf\":{\"@id\":\"https:\\\/\\\/www.larobeyere.com\\\/it\\\/#website\"},\"datePublished\":\"2021-04-23T07:22:13+00:00\",\"dateModified\":\"2026-04-01T11:05:54+00:00\",\"breadcrumb\":{\"@id\":\"https:\\\/\\\/www.larobeyere.com\\\/it\\\/avviso-legale\\\/#breadcrumb\"},\"inLanguage\":\"it-IT\",\"potentialAction\":[{\"@type\":\"ReadAction\",\"target\":[\"https:\\\/\\\/www.larobeyere.com\\\/it\\\/avviso-legale\\\/\"]}]},{\"@type\":\"BreadcrumbList\",\"@id\":\"https:\\\/\\\/www.larobeyere.com\\\/it\\\/avviso-legale\\\/#breadcrumb\",\"itemListElement\":[{\"@type\":\"ListItem\",\"position\":1,\"name\":\"Accueil\",\"item\":\"https:\\\/\\\/www.larobeyere.com\\\/it\\\/\"},{\"@type\":\"ListItem\",\"position\":2,\"name\":\"Avviso legale\"}]},{\"@type\":\"WebSite\",\"@id\":\"https:\\\/\\\/www.larobeyere.com\\\/it\\\/#website\",\"url\":\"https:\\\/\\\/www.larobeyere.com\\\/it\\\/\",\"name\":\"H\u00f4tel La Rob\u00e9y\u00e8re - BW Signature Collection by Best Western\",\"description\":\"H\u00f4tel**** de Charme. Restaurant &amp; Spa \u00e0 Embrun\",\"publisher\":{\"@id\":\"https:\\\/\\\/www.larobeyere.com\\\/it\\\/#organization\"},\"potentialAction\":[{\"@type\":\"SearchAction\",\"target\":{\"@type\":\"EntryPoint\",\"urlTemplate\":\"https:\\\/\\\/www.larobeyere.com\\\/it\\\/?s={search_term_string}\"},\"query-input\":{\"@type\":\"PropertyValueSpecification\",\"valueRequired\":true,\"valueName\":\"search_term_string\"}}],\"inLanguage\":\"it-IT\"},{\"@type\":\"Organization\",\"@id\":\"https:\\\/\\\/www.larobeyere.com\\\/it\\\/#organization\",\"name\":\"H\u00f4tel la Rob\u00e9y\u00e8re ****\",\"url\":\"https:\\\/\\\/www.larobeyere.com\\\/it\\\/\",\"logo\":{\"@type\":\"ImageObject\",\"inLanguage\":\"it-IT\",\"@id\":\"https:\\\/\\\/www.larobeyere.com\\\/it\\\/#\\\/schema\\\/logo\\\/image\\\/\",\"url\":\"https:\\\/\\\/www.larobeyere.com\\\/wp-content\\\/uploads\\\/2021\\\/06\\\/LOGO_LA_ROBEYERE_header.svg\",\"contentUrl\":\"https:\\\/\\\/www.larobeyere.com\\\/wp-content\\\/uploads\\\/2021\\\/06\\\/LOGO_LA_ROBEYERE_header.svg\",\"width\":44.3944778,\"height\":38.446743,\"caption\":\"H\u00f4tel la Rob\u00e9y\u00e8re ****\"},\"image\":{\"@id\":\"https:\\\/\\\/www.larobeyere.com\\\/it\\\/#\\\/schema\\\/logo\\\/image\\\/\"},\"sameAs\":[\"https:\\\/\\\/www.facebook.com\\\/larobeyere\",\"https:\\\/\\\/www.instagram.com\\\/larobeyere\\\/\",\"https:\\\/\\\/www.linkedin.com\\\/company\\\/hotel-restaurant-la-rob\u00e9y\u00e8re\\\/\"]}]}<\/script>\n<!-- \/ Yoast SEO plugin. -->","yoast_head_json":{"title":"Avviso legale | H\u00f4tel La Rob\u00e9y\u00e8re - BW Signature Collection by Best Western","robots":{"index":"noindex","follow":"follow"},"og_locale":"it_IT","og_type":"article","og_title":"Avviso legale | H\u00f4tel La Rob\u00e9y\u00e8re - BW Signature Collection by Best Western","og_description":"Avviso legale Si prega di leggere &hellip;","og_url":"https:\/\/www.larobeyere.com\/it\/avviso-legale\/","og_site_name":"H\u00f4tel La Rob\u00e9y\u00e8re - BW Signature Collection by Best Western","article_publisher":"https:\/\/www.facebook.com\/larobeyere","article_modified_time":"2026-04-01T11:05:54+00:00","og_image":[{"width":2560,"height":1703,"url":"https:\/\/www.larobeyere.com\/wp-content\/uploads\/2021\/05\/CMP-LAROBEYERE-05-2021-8-scaled.jpg","type":"image\/jpeg"}],"twitter_card":"summary_large_image","twitter_misc":{"Tempo di lettura stimato":"7 minuti"},"schema":{"@context":"https:\/\/schema.org","@graph":[{"@type":"WebPage","@id":"https:\/\/www.larobeyere.com\/it\/avviso-legale\/","url":"https:\/\/www.larobeyere.com\/it\/avviso-legale\/","name":"Avviso legale | H\u00f4tel La Rob\u00e9y\u00e8re - BW Signature Collection by Best Western","isPartOf":{"@id":"https:\/\/www.larobeyere.com\/it\/#website"},"datePublished":"2021-04-23T07:22:13+00:00","dateModified":"2026-04-01T11:05:54+00:00","breadcrumb":{"@id":"https:\/\/www.larobeyere.com\/it\/avviso-legale\/#breadcrumb"},"inLanguage":"it-IT","potentialAction":[{"@type":"ReadAction","target":["https:\/\/www.larobeyere.com\/it\/avviso-legale\/"]}]},{"@type":"BreadcrumbList","@id":"https:\/\/www.larobeyere.com\/it\/avviso-legale\/#breadcrumb","itemListElement":[{"@type":"ListItem","position":1,"name":"Accueil","item":"https:\/\/www.larobeyere.com\/it\/"},{"@type":"ListItem","position":2,"name":"Avviso legale"}]},{"@type":"WebSite","@id":"https:\/\/www.larobeyere.com\/it\/#website","url":"https:\/\/www.larobeyere.com\/it\/","name":"H\u00f4tel La Rob\u00e9y\u00e8re - BW Signature Collection by Best Western","description":"H\u00f4tel**** de Charme. Restaurant &amp; Spa \u00e0 Embrun","publisher":{"@id":"https:\/\/www.larobeyere.com\/it\/#organization"},"potentialAction":[{"@type":"SearchAction","target":{"@type":"EntryPoint","urlTemplate":"https:\/\/www.larobeyere.com\/it\/?s={search_term_string}"},"query-input":{"@type":"PropertyValueSpecification","valueRequired":true,"valueName":"search_term_string"}}],"inLanguage":"it-IT"},{"@type":"Organization","@id":"https:\/\/www.larobeyere.com\/it\/#organization","name":"H\u00f4tel la Rob\u00e9y\u00e8re ****","url":"https:\/\/www.larobeyere.com\/it\/","logo":{"@type":"ImageObject","inLanguage":"it-IT","@id":"https:\/\/www.larobeyere.com\/it\/#\/schema\/logo\/image\/","url":"https:\/\/www.larobeyere.com\/wp-content\/uploads\/2021\/06\/LOGO_LA_ROBEYERE_header.svg","contentUrl":"https:\/\/www.larobeyere.com\/wp-content\/uploads\/2021\/06\/LOGO_LA_ROBEYERE_header.svg","width":44.3944778,"height":38.446743,"caption":"H\u00f4tel la Rob\u00e9y\u00e8re ****"},"image":{"@id":"https:\/\/www.larobeyere.com\/it\/#\/schema\/logo\/image\/"},"sameAs":["https:\/\/www.facebook.com\/larobeyere","https:\/\/www.instagram.com\/larobeyere\/","https:\/\/www.linkedin.com\/company\/hotel-restaurant-la-rob\u00e9y\u00e8re\/"]}]}},"_links":{"self":[{"href":"https:\/\/www.larobeyere.com\/it\/wp-json\/wp\/v2\/pages\/1934","targetHints":{"allow":["GET"]}}],"collection":[{"href":"https:\/\/www.larobeyere.com\/it\/wp-json\/wp\/v2\/pages"}],"about":[{"href":"https:\/\/www.larobeyere.com\/it\/wp-json\/wp\/v2\/types\/page"}],"author":[{"embeddable":true,"href":"https:\/\/www.larobeyere.com\/it\/wp-json\/wp\/v2\/users\/1"}],"replies":[{"embeddable":true,"href":"https:\/\/www.larobeyere.com\/it\/wp-json\/wp\/v2\/comments?post=1934"}],"version-history":[{"count":9,"href":"https:\/\/www.larobeyere.com\/it\/wp-json\/wp\/v2\/pages\/1934\/revisions"}],"predecessor-version":[{"id":5721,"href":"https:\/\/www.larobeyere.com\/it\/wp-json\/wp\/v2\/pages\/1934\/revisions\/5721"}],"wp:attachment":[{"href":"https:\/\/www.larobeyere.com\/it\/wp-json\/wp\/v2\/media?parent=1934"}],"curies":[{"name":"wp","href":"https:\/\/api.w.org\/{rel}","templated":true}]}}