{"id":1939,"date":"2021-05-28T12:01:39","date_gmt":"2021-05-28T10:01:39","guid":{"rendered":"https:\/\/www.larobeyere.com\/terms-of-sales\/"},"modified":"2025-05-02T18:29:58","modified_gmt":"2025-05-02T16:29:58","slug":"condizioni-di-vendita","status":"publish","type":"page","link":"https:\/\/www.larobeyere.com\/it\/condizioni-di-vendita\/","title":{"rendered":"Condizioni di vendita"},"content":{"rendered":"<h2>PREZZI<\/h2>\n<p>I prezzi sono comprensivi di tutte le tasse.<\/p>\n<p>Le tariffe applicabili sono quelle presentate sul sito web del nostro centro prenotazioni online.<\/p>\n<p>I prezzi possono essere modificati in qualsiasi momento dall&#8217;azienda senza che sia necessario avvisarla preventivamente. In caso di variazione dei prezzi, qualsiasi prenotazione gi\u00e0 effettuata e convalidata rimane ferma e alle condizioni definite al momento della prenotazione.<\/p>\n<h2>Tariffa standard<\/h2>\n<h3>POLITICA DI CANCELLAZIONE<\/h3>\n<p>Pu\u00f2 essere cancellato gratuitamente fino a 48 ore prima dell&#8217;arrivo, o il giorno D-2, alle 16:00. Trascorso tale termine vi verr\u00e0 addebitato l&#8217;importo della prima notte.<\/p>\n<h3>POLITICA DI GARANZIA<\/h3>\n<p>Prenotazione garantita dal numero della carta di credito utilizzata durante la prenotazione. Al momento del soggiorno in hotel \u00e8 necessario presentare una carta di credito valida. Pu\u00f2 essere effettuata una pre-autorizzazione di una notte per garantire la validit\u00e0 della carta di credito.<\/p>\n<h3>CONDIZIONI DI PAGAMENTO<\/h3>\n<p>Carta di credito richiesta al momento della prenotazione. Pagamento in loco.<\/p>\n<p>&nbsp;<\/p>\n<h2>Tariffa prepagata<\/h2>\n<p>Prenota in anticipo e risparmia denaro extra! Pagamento anticipato completo richiesto al momento della prenotazione. Nessun rimborso o trasferimento.<\/p>\n<h3>POLITICA DI CANCELLAZIONE<\/h3>\n<p>Non cancellabile, non rimborsabile, non modificabile.<\/p>\n<h3>POLITICA DI GARANZIA<\/h3>\n<p>Prenotazione garantita dal numero della carta di credito utilizzata durante la prenotazione. La carta utilizzata per il pagamento anticipato pu\u00f2 essere richiesta in hotel.<\/p>\n<h3>CONDIZIONI DI PAGAMENTO<\/h3>\n<p>L&#8217;importo totale del soggiorno verr\u00e0 addebitato immediatamente sulla carta di credito utilizzata al momento della prenotazione.<\/p>\n<h2>Tariffe a pacchetto<\/h2>\n<p>Le politiche di cancellazione e garanzia e i termini di pagamento sono gli stessi della tariffa standard.<\/p>\n<p>Il contenuto del pacchetto \u00e8 indicato al momento della prenotazione. Contatta l&#8217;hotel per maggiori informazioni.<\/p>\n<h2>Politica per i bambini<\/h2>\n<p>Culla gratuita su richiesta al momento della prenotazione, previa disponibilit\u00e0.<\/p>\n<p>I bambini sotto gli 8 anni non possono accedere alla SPA e alle sue strutture.<\/p>\n<h2>Letto aggiuntivo<\/h2>\n<p>Alcune delle nostre camere possono ospitare un letto supplementare. Si prega di richiederlo al momento della prenotazione o di contattarci direttamente per telefono o e-mail. In base alla disponibilit\u00e0.<\/p>\n<h2>Politica sugli animali<\/h2>\n<p>Gli animali sono ammessi nel nostro alloggio alle seguenti condizioni:<\/p>\n<ul>\n<li>Un supplemento di \u20ac 15 al giorno e per animale verr\u00e0 pagato in hotel<\/li>\n<li>Dovrebbero essere puliti e saggi. I proprietari sono responsabili del disturbo causato dai loro animali e se ne assumono la piena responsabilit\u00e0<\/li>\n<li>Eventuali danni a mobili, biancheria o qualsiasi altro bene materiale dell&#8217;hotel verranno addebitati al termine o dopo il soggiorno<\/li>\n<li>I proprietari dovranno portare tutti gli accessori necessari alla vita dei loro animali.<\/li>\n<\/ul>\n<h2>Effetti personali e servizi in camera<\/h2>\n<p>Si raccomanda di non lasciare oggetti di valore nelle camere. L&#8217;azienda declina ogni responsabilit\u00e0 in caso di furto o smarrimento.<\/p>\n<p>Il cliente si impegna a segnalare eventuali apparecchiature smarrite, rotte, rubate o danneggiate ed \u00e8 tenuto a rimborsarle.<\/p>\n<h2>Reclami e controversie<\/h2>\n<p>Il presente contratto \u00e8 regolato dalla legge francese. Eventuali controversie alle quali il presente contratto dovesse dar luogo, in merito alla sua validit\u00e0, interpretazione, esecuzione, risoluzione, alle loro conseguenze e alle loro conseguenze saranno sottoposte ai tribunali competenti alle condizioni di diritto comune.<\/p>\n<p>In assenza di una risposta soddisfacente al tuo reclamo, entro un termine massimo di 60 giorni dalla notifica scritta, puoi, se lo desideri, ricorrere per posta ad una procedura di mediazione convenzionale presso il M\u00e9diateur du Commerce Coop\u00e9ratif et Associ\u00e9 \u2013 FCA (organismo riconosciuto dalla Commissione Europea) \u2013 77, rue de Lourmel \u2013 75015 Parigi, o tramite il sito web\u00a0<a href=\"https:\/\/www.mcca-mediation.fr\/\" target=\"_blank\" rel=\"noopener\">www.mcca-mediation.fr<\/a>\u00a0dove \u00e8 possibile trovare la Carta della Mediazione del Commercio Cooperativo e Associato nonch\u00e9 il modulo di reclamo accessibile dal seguente link:\u00a0<a href=\"https:\/\/www.mcca-mediation.fr\/recours-au-mediateur-de-la-consommation\" target=\"_blank\" rel=\"noopener\">https:\/\/www.mcca-mediation.fr\/recours-au-mediateur-de-la-consommation<\/a>.<\/p>\n<h2>Protezione dei dati personali<\/h2>\n<p>Ai sensi del regolamento europeo 2016\/679 (RGPD), la politica di riservatezza \u00e8 accessibile sul sito www.larobeyere.com nelle note legali.<\/p>\n","protected":false},"excerpt":{"rendered":"<p>PREZZI I prezzi sono comprensivi di &hellip;<\/p>\n","protected":false},"author":4,"featured_media":0,"parent":0,"menu_order":0,"comment_status":"closed","ping_status":"closed","template":"","meta":{"_acf_changed":false,"footnotes":""},"class_list":["post-1939","page","type-page","status-publish","hentry"],"acf":[],"yoast_head":"<!-- This site is optimized with the Yoast SEO plugin v27.5 - https:\/\/yoast.com\/product\/yoast-seo-wordpress\/ -->\n<title>Condizioni di vendita | H\u00f4tel La Rob\u00e9y\u00e8re - BW Signature Collection by Best Western<\/title>\n<meta name=\"robots\" content=\"index, follow, max-snippet:-1, max-image-preview:large, max-video-preview:-1\" \/>\n<link rel=\"canonical\" href=\"https:\/\/www.larobeyere.com\/it\/condizioni-di-vendita\/\" \/>\n<meta property=\"og:locale\" content=\"it_IT\" \/>\n<meta property=\"og:type\" content=\"article\" \/>\n<meta property=\"og:title\" content=\"Condizioni di vendita | H\u00f4tel La Rob\u00e9y\u00e8re - BW Signature Collection by Best Western\" \/>\n<meta property=\"og:description\" content=\"PREZZI I prezzi sono comprensivi di &hellip;\" \/>\n<meta property=\"og:url\" content=\"https:\/\/www.larobeyere.com\/it\/condizioni-di-vendita\/\" \/>\n<meta property=\"og:site_name\" content=\"H\u00f4tel La Rob\u00e9y\u00e8re - BW Signature Collection by Best Western\" \/>\n<meta property=\"article:publisher\" content=\"https:\/\/www.facebook.com\/larobeyere\" \/>\n<meta property=\"article:modified_time\" content=\"2025-05-02T16:29:58+00:00\" \/>\n<meta property=\"og:image\" content=\"https:\/\/www.larobeyere.com\/wp-content\/uploads\/2021\/05\/CMP-LAROBEYERE-05-2021-8-scaled.jpg\" \/>\n\t<meta property=\"og:image:width\" content=\"2560\" \/>\n\t<meta property=\"og:image:height\" content=\"1703\" \/>\n\t<meta property=\"og:image:type\" content=\"image\/jpeg\" \/>\n<meta name=\"twitter:card\" content=\"summary_large_image\" \/>\n<meta name=\"twitter:label1\" content=\"Tempo di lettura stimato\" \/>\n\t<meta name=\"twitter:data1\" content=\"3 minuti\" \/>\n<script type=\"application\/ld+json\" class=\"yoast-schema-graph\">{\"@context\":\"https:\\\/\\\/schema.org\",\"@graph\":[{\"@type\":\"WebPage\",\"@id\":\"https:\\\/\\\/www.larobeyere.com\\\/it\\\/condizioni-di-vendita\\\/\",\"url\":\"https:\\\/\\\/www.larobeyere.com\\\/it\\\/condizioni-di-vendita\\\/\",\"name\":\"Condizioni di vendita | H\u00f4tel La Rob\u00e9y\u00e8re - BW Signature Collection by Best Western\",\"isPartOf\":{\"@id\":\"https:\\\/\\\/www.larobeyere.com\\\/it\\\/#website\"},\"datePublished\":\"2021-05-28T10:01:39+00:00\",\"dateModified\":\"2025-05-02T16:29:58+00:00\",\"breadcrumb\":{\"@id\":\"https:\\\/\\\/www.larobeyere.com\\\/it\\\/condizioni-di-vendita\\\/#breadcrumb\"},\"inLanguage\":\"it-IT\",\"potentialAction\":[{\"@type\":\"ReadAction\",\"target\":[\"https:\\\/\\\/www.larobeyere.com\\\/it\\\/condizioni-di-vendita\\\/\"]}]},{\"@type\":\"BreadcrumbList\",\"@id\":\"https:\\\/\\\/www.larobeyere.com\\\/it\\\/condizioni-di-vendita\\\/#breadcrumb\",\"itemListElement\":[{\"@type\":\"ListItem\",\"position\":1,\"name\":\"Accueil\",\"item\":\"https:\\\/\\\/www.larobeyere.com\\\/it\\\/\"},{\"@type\":\"ListItem\",\"position\":2,\"name\":\"Condizioni di vendita\"}]},{\"@type\":\"WebSite\",\"@id\":\"https:\\\/\\\/www.larobeyere.com\\\/it\\\/#website\",\"url\":\"https:\\\/\\\/www.larobeyere.com\\\/it\\\/\",\"name\":\"H\u00f4tel La Rob\u00e9y\u00e8re - BW Signature Collection by Best Western\",\"description\":\"H\u00f4tel**** de Charme. Restaurant &amp; Spa \u00e0 Embrun\",\"publisher\":{\"@id\":\"https:\\\/\\\/www.larobeyere.com\\\/it\\\/#organization\"},\"potentialAction\":[{\"@type\":\"SearchAction\",\"target\":{\"@type\":\"EntryPoint\",\"urlTemplate\":\"https:\\\/\\\/www.larobeyere.com\\\/it\\\/?s={search_term_string}\"},\"query-input\":{\"@type\":\"PropertyValueSpecification\",\"valueRequired\":true,\"valueName\":\"search_term_string\"}}],\"inLanguage\":\"it-IT\"},{\"@type\":\"Organization\",\"@id\":\"https:\\\/\\\/www.larobeyere.com\\\/it\\\/#organization\",\"name\":\"H\u00f4tel la Rob\u00e9y\u00e8re ****\",\"url\":\"https:\\\/\\\/www.larobeyere.com\\\/it\\\/\",\"logo\":{\"@type\":\"ImageObject\",\"inLanguage\":\"it-IT\",\"@id\":\"https:\\\/\\\/www.larobeyere.com\\\/it\\\/#\\\/schema\\\/logo\\\/image\\\/\",\"url\":\"https:\\\/\\\/www.larobeyere.com\\\/wp-content\\\/uploads\\\/2021\\\/06\\\/LOGO_LA_ROBEYERE_header.svg\",\"contentUrl\":\"https:\\\/\\\/www.larobeyere.com\\\/wp-content\\\/uploads\\\/2021\\\/06\\\/LOGO_LA_ROBEYERE_header.svg\",\"width\":44.3944778,\"height\":38.446743,\"caption\":\"H\u00f4tel la Rob\u00e9y\u00e8re ****\"},\"image\":{\"@id\":\"https:\\\/\\\/www.larobeyere.com\\\/it\\\/#\\\/schema\\\/logo\\\/image\\\/\"},\"sameAs\":[\"https:\\\/\\\/www.facebook.com\\\/larobeyere\",\"https:\\\/\\\/www.instagram.com\\\/larobeyere\\\/\",\"https:\\\/\\\/www.linkedin.com\\\/company\\\/hotel-restaurant-la-rob\u00e9y\u00e8re\\\/\"]}]}<\/script>\n<!-- \/ Yoast SEO plugin. -->","yoast_head_json":{"title":"Condizioni di vendita | H\u00f4tel La Rob\u00e9y\u00e8re - BW Signature Collection by Best Western","robots":{"index":"index","follow":"follow","max-snippet":"max-snippet:-1","max-image-preview":"max-image-preview:large","max-video-preview":"max-video-preview:-1"},"canonical":"https:\/\/www.larobeyere.com\/it\/condizioni-di-vendita\/","og_locale":"it_IT","og_type":"article","og_title":"Condizioni di vendita | H\u00f4tel La Rob\u00e9y\u00e8re - BW Signature Collection by Best Western","og_description":"PREZZI I prezzi sono comprensivi di &hellip;","og_url":"https:\/\/www.larobeyere.com\/it\/condizioni-di-vendita\/","og_site_name":"H\u00f4tel La Rob\u00e9y\u00e8re - BW Signature Collection by Best Western","article_publisher":"https:\/\/www.facebook.com\/larobeyere","article_modified_time":"2025-05-02T16:29:58+00:00","og_image":[{"width":2560,"height":1703,"url":"https:\/\/www.larobeyere.com\/wp-content\/uploads\/2021\/05\/CMP-LAROBEYERE-05-2021-8-scaled.jpg","type":"image\/jpeg"}],"twitter_card":"summary_large_image","twitter_misc":{"Tempo di lettura stimato":"3 minuti"},"schema":{"@context":"https:\/\/schema.org","@graph":[{"@type":"WebPage","@id":"https:\/\/www.larobeyere.com\/it\/condizioni-di-vendita\/","url":"https:\/\/www.larobeyere.com\/it\/condizioni-di-vendita\/","name":"Condizioni di vendita | H\u00f4tel La Rob\u00e9y\u00e8re - BW Signature Collection by Best Western","isPartOf":{"@id":"https:\/\/www.larobeyere.com\/it\/#website"},"datePublished":"2021-05-28T10:01:39+00:00","dateModified":"2025-05-02T16:29:58+00:00","breadcrumb":{"@id":"https:\/\/www.larobeyere.com\/it\/condizioni-di-vendita\/#breadcrumb"},"inLanguage":"it-IT","potentialAction":[{"@type":"ReadAction","target":["https:\/\/www.larobeyere.com\/it\/condizioni-di-vendita\/"]}]},{"@type":"BreadcrumbList","@id":"https:\/\/www.larobeyere.com\/it\/condizioni-di-vendita\/#breadcrumb","itemListElement":[{"@type":"ListItem","position":1,"name":"Accueil","item":"https:\/\/www.larobeyere.com\/it\/"},{"@type":"ListItem","position":2,"name":"Condizioni di vendita"}]},{"@type":"WebSite","@id":"https:\/\/www.larobeyere.com\/it\/#website","url":"https:\/\/www.larobeyere.com\/it\/","name":"H\u00f4tel La Rob\u00e9y\u00e8re - BW Signature Collection by Best Western","description":"H\u00f4tel**** de Charme. Restaurant &amp; Spa \u00e0 Embrun","publisher":{"@id":"https:\/\/www.larobeyere.com\/it\/#organization"},"potentialAction":[{"@type":"SearchAction","target":{"@type":"EntryPoint","urlTemplate":"https:\/\/www.larobeyere.com\/it\/?s={search_term_string}"},"query-input":{"@type":"PropertyValueSpecification","valueRequired":true,"valueName":"search_term_string"}}],"inLanguage":"it-IT"},{"@type":"Organization","@id":"https:\/\/www.larobeyere.com\/it\/#organization","name":"H\u00f4tel la Rob\u00e9y\u00e8re ****","url":"https:\/\/www.larobeyere.com\/it\/","logo":{"@type":"ImageObject","inLanguage":"it-IT","@id":"https:\/\/www.larobeyere.com\/it\/#\/schema\/logo\/image\/","url":"https:\/\/www.larobeyere.com\/wp-content\/uploads\/2021\/06\/LOGO_LA_ROBEYERE_header.svg","contentUrl":"https:\/\/www.larobeyere.com\/wp-content\/uploads\/2021\/06\/LOGO_LA_ROBEYERE_header.svg","width":44.3944778,"height":38.446743,"caption":"H\u00f4tel la Rob\u00e9y\u00e8re ****"},"image":{"@id":"https:\/\/www.larobeyere.com\/it\/#\/schema\/logo\/image\/"},"sameAs":["https:\/\/www.facebook.com\/larobeyere","https:\/\/www.instagram.com\/larobeyere\/","https:\/\/www.linkedin.com\/company\/hotel-restaurant-la-rob\u00e9y\u00e8re\/"]}]}},"_links":{"self":[{"href":"https:\/\/www.larobeyere.com\/it\/wp-json\/wp\/v2\/pages\/1939","targetHints":{"allow":["GET"]}}],"collection":[{"href":"https:\/\/www.larobeyere.com\/it\/wp-json\/wp\/v2\/pages"}],"about":[{"href":"https:\/\/www.larobeyere.com\/it\/wp-json\/wp\/v2\/types\/page"}],"author":[{"embeddable":true,"href":"https:\/\/www.larobeyere.com\/it\/wp-json\/wp\/v2\/users\/4"}],"replies":[{"embeddable":true,"href":"https:\/\/www.larobeyere.com\/it\/wp-json\/wp\/v2\/comments?post=1939"}],"version-history":[{"count":4,"href":"https:\/\/www.larobeyere.com\/it\/wp-json\/wp\/v2\/pages\/1939\/revisions"}],"predecessor-version":[{"id":5115,"href":"https:\/\/www.larobeyere.com\/it\/wp-json\/wp\/v2\/pages\/1939\/revisions\/5115"}],"wp:attachment":[{"href":"https:\/\/www.larobeyere.com\/it\/wp-json\/wp\/v2\/media?parent=1939"}],"curies":[{"name":"wp","href":"https:\/\/api.w.org\/{rel}","templated":true}]}}