{"id":3650,"date":"2023-07-17T16:12:08","date_gmt":"2023-07-17T14:12:08","guid":{"rendered":"https:\/\/www.larobeyere.com\/notre-charte-environnementale\/"},"modified":"2023-12-01T13:48:55","modified_gmt":"2023-12-01T12:48:55","slug":"nostra-carta-ambientale","status":"publish","type":"page","link":"https:\/\/www.larobeyere.com\/it\/nostra-carta-ambientale\/","title":{"rendered":"Carta Ambientale"},"content":{"rendered":"<h3>STIAMO EDUCANDO I NOSTRI TEAM E I NOSTRI CLIENTI:<\/h3>\n<p>1. Offriamo informazioni per limitare gli spostamenti in auto: noleggio biciclette, navette, mezzi pubblici.<br \/>\n2. Mettiamo a disposizione dei nostri clienti opuscoli informativi, depliant, esposizioni riguardanti la fauna e la flora.<\/p>\n<h3>RISPARMIIAMO ACQUA ED ENERGIA:<\/h3>\n<p>3. Abbiamo installato salva-acqua\/riduttori di pressione su rubinetti e docce per non esaurire la risorsa.<br \/>\n4. Ogni mese leggiamo i nostri contatori di acqua ed elettricit\u00e0 per gestire al meglio i nostri consumi.<br \/>\n5. Abbiamo installato sensori\/timer di presenza nelle aree comuni\/corridoi per limitare lo spreco di energia.<\/p>\n<h3>LIMITIAMO E DIFFERENZIAMO I RIFIUTI:<\/h3>\n<p>6. Selezioniamo i nostri rifiuti, lavoriamo con la maggior parte dei prodotti in grandi imballaggi per limitare gli imballaggi non necessari.<br \/>\n7. Selezioniamo i nostri rifiuti in contenitori.<br \/>\n8. Compostiamo per i rifiuti vegetali.<\/p>\n<h3>SIAMO ATTENTI AL BENESSERE DEI NOSTRI CLIENTI:<\/h3>\n<p>9. Alcuni prodotti locali sono disponibili nel nostro negozio; miele, marmellata, crema spalmabile\u2026.<br \/>\n10. I menu dei nostri ristoranti offrono alcuni prodotti biologici, dal nostro orto.<br \/>\n11. I prodotti utilizzati per la pulizia delle camere sono tutti Ecolabel, che offre una migliore qualit\u00e0 dell&#8217;aria e minori rischi per la salute.<br \/>\n12. Facciamo parte di un gruppo impegnato nella RSI.<\/p>\n<p>Grazie per averci sostenuto nel nostro approccio durante il vostro soggiorno.<\/p>\n<p>Per concretizzare il nostro impegno e per essere parte di un processo di miglioramento continuo, siamo in fase di etichettatura per ottenere l&#8217;etichetta Green Key.<\/p>\n<p>Il marchio Green Key contraddistingue strutture ricettive e ristoranti impegnati in un approccio ambientale volontario, efficiente e dinamico. Il marchio viene assegnato ogni anno da una giuria indipendente composta da esperti e professionisti del turismo e dell&#8217;ambiente. Maggiori informazioni a venire presto.<\/p>\n","protected":false},"excerpt":{"rendered":"<p>STIAMO EDUCANDO I NOSTRI TEAM E &hellip;<\/p>\n","protected":false},"author":2,"featured_media":0,"parent":0,"menu_order":0,"comment_status":"closed","ping_status":"closed","template":"page-builder.php","meta":{"_acf_changed":false,"footnotes":""},"class_list":["post-3650","page","type-page","status-publish","hentry"],"acf":[],"yoast_head":"<!-- This site is optimized with the Yoast SEO plugin v27.6 - https:\/\/yoast.com\/product\/yoast-seo-wordpress\/ -->\n<title>Carta Ambientale | H\u00f4tel La Rob\u00e9y\u00e8re - BW Signature Collection by Best Western<\/title>\n<meta name=\"robots\" content=\"index, follow, max-snippet:-1, max-image-preview:large, max-video-preview:-1\" \/>\n<link rel=\"canonical\" href=\"https:\/\/www.larobeyere.com\/it\/nostra-carta-ambientale\/\" \/>\n<meta property=\"og:locale\" content=\"it_IT\" \/>\n<meta property=\"og:type\" content=\"article\" \/>\n<meta property=\"og:title\" content=\"Carta Ambientale | H\u00f4tel La Rob\u00e9y\u00e8re - BW Signature Collection by Best Western\" \/>\n<meta property=\"og:description\" content=\"STIAMO EDUCANDO I NOSTRI TEAM E &hellip;\" \/>\n<meta property=\"og:url\" content=\"https:\/\/www.larobeyere.com\/it\/nostra-carta-ambientale\/\" \/>\n<meta property=\"og:site_name\" content=\"H\u00f4tel La Rob\u00e9y\u00e8re - BW Signature Collection by Best Western\" \/>\n<meta property=\"article:publisher\" content=\"https:\/\/www.facebook.com\/larobeyere\" \/>\n<meta property=\"article:modified_time\" content=\"2023-12-01T12:48:55+00:00\" \/>\n<meta property=\"og:image\" content=\"https:\/\/www.larobeyere.com\/wp-content\/uploads\/2021\/05\/CMP-LAROBEYERE-05-2021-8-scaled.jpg\" \/>\n\t<meta property=\"og:image:width\" content=\"2560\" \/>\n\t<meta property=\"og:image:height\" content=\"1703\" \/>\n\t<meta property=\"og:image:type\" content=\"image\/jpeg\" \/>\n<meta name=\"twitter:card\" content=\"summary_large_image\" \/>\n<meta name=\"twitter:label1\" content=\"Tempo di lettura stimato\" \/>\n\t<meta name=\"twitter:data1\" content=\"1 minuto\" \/>\n<script type=\"application\/ld+json\" class=\"yoast-schema-graph\">{\"@context\":\"https:\\\/\\\/schema.org\",\"@graph\":[{\"@type\":\"WebPage\",\"@id\":\"https:\\\/\\\/www.larobeyere.com\\\/it\\\/nostra-carta-ambientale\\\/\",\"url\":\"https:\\\/\\\/www.larobeyere.com\\\/it\\\/nostra-carta-ambientale\\\/\",\"name\":\"Carta Ambientale | H\u00f4tel La Rob\u00e9y\u00e8re - BW Signature Collection by Best Western\",\"isPartOf\":{\"@id\":\"https:\\\/\\\/www.larobeyere.com\\\/it\\\/#website\"},\"datePublished\":\"2023-07-17T14:12:08+00:00\",\"dateModified\":\"2023-12-01T12:48:55+00:00\",\"breadcrumb\":{\"@id\":\"https:\\\/\\\/www.larobeyere.com\\\/it\\\/nostra-carta-ambientale\\\/#breadcrumb\"},\"inLanguage\":\"it-IT\",\"potentialAction\":[{\"@type\":\"ReadAction\",\"target\":[\"https:\\\/\\\/www.larobeyere.com\\\/it\\\/nostra-carta-ambientale\\\/\"]}]},{\"@type\":\"BreadcrumbList\",\"@id\":\"https:\\\/\\\/www.larobeyere.com\\\/it\\\/nostra-carta-ambientale\\\/#breadcrumb\",\"itemListElement\":[{\"@type\":\"ListItem\",\"position\":1,\"name\":\"Accueil\",\"item\":\"https:\\\/\\\/www.larobeyere.com\\\/it\\\/\"},{\"@type\":\"ListItem\",\"position\":2,\"name\":\"Carta Ambientale\"}]},{\"@type\":\"WebSite\",\"@id\":\"https:\\\/\\\/www.larobeyere.com\\\/it\\\/#website\",\"url\":\"https:\\\/\\\/www.larobeyere.com\\\/it\\\/\",\"name\":\"H\u00f4tel La Rob\u00e9y\u00e8re - BW Signature Collection by Best Western\",\"description\":\"H\u00f4tel**** de Charme. Restaurant &amp; Spa \u00e0 Embrun\",\"publisher\":{\"@id\":\"https:\\\/\\\/www.larobeyere.com\\\/it\\\/#organization\"},\"potentialAction\":[{\"@type\":\"SearchAction\",\"target\":{\"@type\":\"EntryPoint\",\"urlTemplate\":\"https:\\\/\\\/www.larobeyere.com\\\/it\\\/?s={search_term_string}\"},\"query-input\":{\"@type\":\"PropertyValueSpecification\",\"valueRequired\":true,\"valueName\":\"search_term_string\"}}],\"inLanguage\":\"it-IT\"},{\"@type\":\"Organization\",\"@id\":\"https:\\\/\\\/www.larobeyere.com\\\/it\\\/#organization\",\"name\":\"H\u00f4tel la Rob\u00e9y\u00e8re ****\",\"url\":\"https:\\\/\\\/www.larobeyere.com\\\/it\\\/\",\"logo\":{\"@type\":\"ImageObject\",\"inLanguage\":\"it-IT\",\"@id\":\"https:\\\/\\\/www.larobeyere.com\\\/it\\\/#\\\/schema\\\/logo\\\/image\\\/\",\"url\":\"https:\\\/\\\/www.larobeyere.com\\\/wp-content\\\/uploads\\\/2021\\\/06\\\/LOGO_LA_ROBEYERE_header.svg\",\"contentUrl\":\"https:\\\/\\\/www.larobeyere.com\\\/wp-content\\\/uploads\\\/2021\\\/06\\\/LOGO_LA_ROBEYERE_header.svg\",\"width\":44.3944778,\"height\":38.446743,\"caption\":\"H\u00f4tel la Rob\u00e9y\u00e8re ****\"},\"image\":{\"@id\":\"https:\\\/\\\/www.larobeyere.com\\\/it\\\/#\\\/schema\\\/logo\\\/image\\\/\"},\"sameAs\":[\"https:\\\/\\\/www.facebook.com\\\/larobeyere\",\"https:\\\/\\\/www.instagram.com\\\/larobeyere\\\/\",\"https:\\\/\\\/www.linkedin.com\\\/company\\\/hotel-restaurant-la-rob\u00e9y\u00e8re\\\/\"]}]}<\/script>\n<!-- \/ Yoast SEO plugin. -->","yoast_head_json":{"title":"Carta Ambientale | H\u00f4tel La Rob\u00e9y\u00e8re - BW Signature Collection by Best Western","robots":{"index":"index","follow":"follow","max-snippet":"max-snippet:-1","max-image-preview":"max-image-preview:large","max-video-preview":"max-video-preview:-1"},"canonical":"https:\/\/www.larobeyere.com\/it\/nostra-carta-ambientale\/","og_locale":"it_IT","og_type":"article","og_title":"Carta Ambientale | H\u00f4tel La Rob\u00e9y\u00e8re - BW Signature Collection by Best Western","og_description":"STIAMO EDUCANDO I NOSTRI TEAM E &hellip;","og_url":"https:\/\/www.larobeyere.com\/it\/nostra-carta-ambientale\/","og_site_name":"H\u00f4tel La Rob\u00e9y\u00e8re - BW Signature Collection by Best Western","article_publisher":"https:\/\/www.facebook.com\/larobeyere","article_modified_time":"2023-12-01T12:48:55+00:00","og_image":[{"width":2560,"height":1703,"url":"https:\/\/www.larobeyere.com\/wp-content\/uploads\/2021\/05\/CMP-LAROBEYERE-05-2021-8-scaled.jpg","type":"image\/jpeg"}],"twitter_card":"summary_large_image","twitter_misc":{"Tempo di lettura stimato":"1 minuto"},"schema":{"@context":"https:\/\/schema.org","@graph":[{"@type":"WebPage","@id":"https:\/\/www.larobeyere.com\/it\/nostra-carta-ambientale\/","url":"https:\/\/www.larobeyere.com\/it\/nostra-carta-ambientale\/","name":"Carta Ambientale | H\u00f4tel La Rob\u00e9y\u00e8re - BW Signature Collection by Best Western","isPartOf":{"@id":"https:\/\/www.larobeyere.com\/it\/#website"},"datePublished":"2023-07-17T14:12:08+00:00","dateModified":"2023-12-01T12:48:55+00:00","breadcrumb":{"@id":"https:\/\/www.larobeyere.com\/it\/nostra-carta-ambientale\/#breadcrumb"},"inLanguage":"it-IT","potentialAction":[{"@type":"ReadAction","target":["https:\/\/www.larobeyere.com\/it\/nostra-carta-ambientale\/"]}]},{"@type":"BreadcrumbList","@id":"https:\/\/www.larobeyere.com\/it\/nostra-carta-ambientale\/#breadcrumb","itemListElement":[{"@type":"ListItem","position":1,"name":"Accueil","item":"https:\/\/www.larobeyere.com\/it\/"},{"@type":"ListItem","position":2,"name":"Carta Ambientale"}]},{"@type":"WebSite","@id":"https:\/\/www.larobeyere.com\/it\/#website","url":"https:\/\/www.larobeyere.com\/it\/","name":"H\u00f4tel La Rob\u00e9y\u00e8re - BW Signature Collection by Best Western","description":"H\u00f4tel**** de Charme. Restaurant &amp; Spa \u00e0 Embrun","publisher":{"@id":"https:\/\/www.larobeyere.com\/it\/#organization"},"potentialAction":[{"@type":"SearchAction","target":{"@type":"EntryPoint","urlTemplate":"https:\/\/www.larobeyere.com\/it\/?s={search_term_string}"},"query-input":{"@type":"PropertyValueSpecification","valueRequired":true,"valueName":"search_term_string"}}],"inLanguage":"it-IT"},{"@type":"Organization","@id":"https:\/\/www.larobeyere.com\/it\/#organization","name":"H\u00f4tel la Rob\u00e9y\u00e8re ****","url":"https:\/\/www.larobeyere.com\/it\/","logo":{"@type":"ImageObject","inLanguage":"it-IT","@id":"https:\/\/www.larobeyere.com\/it\/#\/schema\/logo\/image\/","url":"https:\/\/www.larobeyere.com\/wp-content\/uploads\/2021\/06\/LOGO_LA_ROBEYERE_header.svg","contentUrl":"https:\/\/www.larobeyere.com\/wp-content\/uploads\/2021\/06\/LOGO_LA_ROBEYERE_header.svg","width":44.3944778,"height":38.446743,"caption":"H\u00f4tel la Rob\u00e9y\u00e8re ****"},"image":{"@id":"https:\/\/www.larobeyere.com\/it\/#\/schema\/logo\/image\/"},"sameAs":["https:\/\/www.facebook.com\/larobeyere","https:\/\/www.instagram.com\/larobeyere\/","https:\/\/www.linkedin.com\/company\/hotel-restaurant-la-rob\u00e9y\u00e8re\/"]}]}},"_links":{"self":[{"href":"https:\/\/www.larobeyere.com\/it\/wp-json\/wp\/v2\/pages\/3650","targetHints":{"allow":["GET"]}}],"collection":[{"href":"https:\/\/www.larobeyere.com\/it\/wp-json\/wp\/v2\/pages"}],"about":[{"href":"https:\/\/www.larobeyere.com\/it\/wp-json\/wp\/v2\/types\/page"}],"author":[{"embeddable":true,"href":"https:\/\/www.larobeyere.com\/it\/wp-json\/wp\/v2\/users\/2"}],"replies":[{"embeddable":true,"href":"https:\/\/www.larobeyere.com\/it\/wp-json\/wp\/v2\/comments?post=3650"}],"version-history":[{"count":7,"href":"https:\/\/www.larobeyere.com\/it\/wp-json\/wp\/v2\/pages\/3650\/revisions"}],"predecessor-version":[{"id":4143,"href":"https:\/\/www.larobeyere.com\/it\/wp-json\/wp\/v2\/pages\/3650\/revisions\/4143"}],"wp:attachment":[{"href":"https:\/\/www.larobeyere.com\/it\/wp-json\/wp\/v2\/media?parent=3650"}],"curies":[{"name":"wp","href":"https:\/\/api.w.org\/{rel}","templated":true}]}}